{"id":830,"date":"2023-11-23T11:45:09","date_gmt":"2023-11-23T14:45:09","guid":{"rendered":"https:\/\/demosites.royal-elementor-addons.com\/one-page-v2\/?page_id=830"},"modified":"2024-12-05T15:16:07","modified_gmt":"2024-12-05T18:16:07","slug":"shop-one-page-v2","status":"publish","type":"page","link":"https:\/\/areiagroup.com\/pt\/shop-one-page-v2\/","title":{"rendered":"Shop"},"content":{"rendered":"","protected":false},"excerpt":{"rendered":"","protected":false},"author":1,"featured_media":0,"parent":0,"menu_order":22,"comment_status":"closed","ping_status":"closed","template":"","meta":{"footnotes":""},"class_list":["post-830","page","type-page","status-publish","hentry"],"yoast_head":"<!-- This site is optimized with the Yoast SEO plugin v27.5 - https:\/\/yoast.com\/product\/yoast-seo-wordpress\/ -->\n<title>Shop - Areia Group | Fashion Consultancy &amp; Showroom<\/title>\n<meta name=\"robots\" content=\"index, follow, max-snippet:-1, max-image-preview:large, max-video-preview:-1\" \/>\n<link rel=\"canonical\" href=\"https:\/\/areiagroup.com\/pt\/shop-one-page-v2\/\" \/>\n<meta property=\"og:locale\" content=\"pt_BR\" \/>\n<meta property=\"og:type\" content=\"article\" \/>\n<meta property=\"og:title\" content=\"Shop - Areia Group | Fashion Consultancy &amp; Showroom\" \/>\n<meta property=\"og:url\" content=\"https:\/\/areiagroup.com\/pt\/shop-one-page-v2\/\" \/>\n<meta property=\"og:site_name\" content=\"Areia Group | Fashion Consultancy &amp; Showroom\" \/>\n<meta property=\"article:modified_time\" content=\"2024-12-05T18:16:07+00:00\" \/>\n<meta property=\"og:image\" content=\"https:\/\/areiagroup.com\/wp-content\/uploads\/2024\/11\/cropped-guardachuva.png\" \/>\n\t<meta property=\"og:image:width\" content=\"512\" \/>\n\t<meta property=\"og:image:height\" content=\"512\" \/>\n\t<meta property=\"og:image:type\" content=\"image\/png\" \/>\n<meta name=\"twitter:card\" content=\"summary_large_image\" \/>\n<script type=\"application\/ld+json\" class=\"yoast-schema-graph\">{\"@context\":\"https:\\\/\\\/schema.org\",\"@graph\":[{\"@type\":\"WebPage\",\"@id\":\"https:\\\/\\\/areiagroup.com\\\/shop-one-page-v2\\\/\",\"url\":\"https:\\\/\\\/areiagroup.com\\\/shop-one-page-v2\\\/\",\"name\":\"Shop - Areia Group | Fashion Consultancy &amp; Showroom\",\"isPartOf\":{\"@id\":\"https:\\\/\\\/areiagroup.com\\\/#website\"},\"datePublished\":\"2023-11-23T14:45:09+00:00\",\"dateModified\":\"2024-12-05T18:16:07+00:00\",\"breadcrumb\":{\"@id\":\"https:\\\/\\\/areiagroup.com\\\/shop-one-page-v2\\\/#breadcrumb\"},\"inLanguage\":\"pt-BR\",\"potentialAction\":[{\"@type\":\"ReadAction\",\"target\":[\"https:\\\/\\\/areiagroup.com\\\/shop-one-page-v2\\\/\"]}]},{\"@type\":\"BreadcrumbList\",\"@id\":\"https:\\\/\\\/areiagroup.com\\\/shop-one-page-v2\\\/#breadcrumb\",\"itemListElement\":[{\"@type\":\"ListItem\",\"position\":1,\"name\":\"Home\",\"item\":\"https:\\\/\\\/areiagroup.com\\\/\"},{\"@type\":\"ListItem\",\"position\":2,\"name\":\"Shop\"}]},{\"@type\":\"WebSite\",\"@id\":\"https:\\\/\\\/areiagroup.com\\\/#website\",\"url\":\"https:\\\/\\\/areiagroup.com\\\/\",\"name\":\"Areia Group | Fashion Consultancy & Showroom\",\"description\":\"Areia connects fashion brands to national and international markets with strategic solutions and innovative showrooms \u2013 physical and digital.\",\"publisher\":{\"@id\":\"https:\\\/\\\/areiagroup.com\\\/#organization\"},\"potentialAction\":[{\"@type\":\"SearchAction\",\"target\":{\"@type\":\"EntryPoint\",\"urlTemplate\":\"https:\\\/\\\/areiagroup.com\\\/?s={search_term_string}\"},\"query-input\":{\"@type\":\"PropertyValueSpecification\",\"valueRequired\":true,\"valueName\":\"search_term_string\"}}],\"inLanguage\":\"pt-BR\"},{\"@type\":\"Organization\",\"@id\":\"https:\\\/\\\/areiagroup.com\\\/#organization\",\"name\":\"Areia Group\",\"url\":\"https:\\\/\\\/areiagroup.com\\\/\",\"logo\":{\"@type\":\"ImageObject\",\"inLanguage\":\"pt-BR\",\"@id\":\"https:\\\/\\\/areiagroup.com\\\/#\\\/schema\\\/logo\\\/image\\\/\",\"url\":\"https:\\\/\\\/areiagroup.com\\\/wp-content\\\/uploads\\\/2024\\\/12\\\/logo-site.png\",\"contentUrl\":\"https:\\\/\\\/areiagroup.com\\\/wp-content\\\/uploads\\\/2024\\\/12\\\/logo-site.png\",\"width\":400,\"height\":59,\"caption\":\"Areia Group\"},\"image\":{\"@id\":\"https:\\\/\\\/areiagroup.com\\\/#\\\/schema\\\/logo\\\/image\\\/\"},\"sameAs\":[\"https:\\\/\\\/www.instagram.com\\\/areiagroup\\\/\"]}]}<\/script>\n<!-- \/ Yoast SEO plugin. -->","yoast_head_json":{"title":"Shop - Areia Group | Fashion Consultancy &amp; Showroom","robots":{"index":"index","follow":"follow","max-snippet":"max-snippet:-1","max-image-preview":"max-image-preview:large","max-video-preview":"max-video-preview:-1"},"canonical":"https:\/\/areiagroup.com\/pt\/shop-one-page-v2\/","og_locale":"pt_BR","og_type":"article","og_title":"Shop - Areia Group | Fashion Consultancy &amp; Showroom","og_url":"https:\/\/areiagroup.com\/pt\/shop-one-page-v2\/","og_site_name":"Areia Group | Fashion Consultancy &amp; Showroom","article_modified_time":"2024-12-05T18:16:07+00:00","og_image":[{"width":512,"height":512,"url":"https:\/\/areiagroup.com\/wp-content\/uploads\/2024\/11\/cropped-guardachuva.png","type":"image\/png"}],"twitter_card":"summary_large_image","schema":{"@context":"https:\/\/schema.org","@graph":[{"@type":"WebPage","@id":"https:\/\/areiagroup.com\/shop-one-page-v2\/","url":"https:\/\/areiagroup.com\/shop-one-page-v2\/","name":"Shop - Areia Group | Fashion Consultancy &amp; Showroom","isPartOf":{"@id":"https:\/\/areiagroup.com\/#website"},"datePublished":"2023-11-23T14:45:09+00:00","dateModified":"2024-12-05T18:16:07+00:00","breadcrumb":{"@id":"https:\/\/areiagroup.com\/shop-one-page-v2\/#breadcrumb"},"inLanguage":"pt-BR","potentialAction":[{"@type":"ReadAction","target":["https:\/\/areiagroup.com\/shop-one-page-v2\/"]}]},{"@type":"BreadcrumbList","@id":"https:\/\/areiagroup.com\/shop-one-page-v2\/#breadcrumb","itemListElement":[{"@type":"ListItem","position":1,"name":"Home","item":"https:\/\/areiagroup.com\/"},{"@type":"ListItem","position":2,"name":"Shop"}]},{"@type":"WebSite","@id":"https:\/\/areiagroup.com\/#website","url":"https:\/\/areiagroup.com\/","name":"Areia Group | Consultoria de Moda &amp; Showroom","description":"A Areia conecta marcas ao mercados nacional e internacional com solu\u00e7\u00f5es estrat\u00e9gicas e showrooms inovadores \u2013 f\u00edsicos e digitais.","publisher":{"@id":"https:\/\/areiagroup.com\/#organization"},"potentialAction":[{"@type":"SearchAction","target":{"@type":"EntryPoint","urlTemplate":"https:\/\/areiagroup.com\/?s={search_term_string}"},"query-input":{"@type":"PropertyValueSpecification","valueRequired":true,"valueName":"search_term_string"}}],"inLanguage":"pt-BR"},{"@type":"Organization","@id":"https:\/\/areiagroup.com\/#organization","name":"Areia Group","url":"https:\/\/areiagroup.com\/","logo":{"@type":"ImageObject","inLanguage":"pt-BR","@id":"https:\/\/areiagroup.com\/#\/schema\/logo\/image\/","url":"https:\/\/areiagroup.com\/wp-content\/uploads\/2024\/12\/logo-site.png","contentUrl":"https:\/\/areiagroup.com\/wp-content\/uploads\/2024\/12\/logo-site.png","width":400,"height":59,"caption":"Areia Group"},"image":{"@id":"https:\/\/areiagroup.com\/#\/schema\/logo\/image\/"},"sameAs":["https:\/\/www.instagram.com\/areiagroup\/"]}]}},"_links":{"self":[{"href":"https:\/\/areiagroup.com\/pt\/wp-json\/wp\/v2\/pages\/830","targetHints":{"allow":["GET"]}}],"collection":[{"href":"https:\/\/areiagroup.com\/pt\/wp-json\/wp\/v2\/pages"}],"about":[{"href":"https:\/\/areiagroup.com\/pt\/wp-json\/wp\/v2\/types\/page"}],"author":[{"embeddable":true,"href":"https:\/\/areiagroup.com\/pt\/wp-json\/wp\/v2\/users\/1"}],"replies":[{"embeddable":true,"href":"https:\/\/areiagroup.com\/pt\/wp-json\/wp\/v2\/comments?post=830"}],"version-history":[{"count":0,"href":"https:\/\/areiagroup.com\/pt\/wp-json\/wp\/v2\/pages\/830\/revisions"}],"wp:attachment":[{"href":"https:\/\/areiagroup.com\/pt\/wp-json\/wp\/v2\/media?parent=830"}],"curies":[{"name":"wp","href":"https:\/\/api.w.org\/{rel}","templated":true}]}}