{"id":2597,"date":"2024-12-19T09:32:18","date_gmt":"2024-12-19T12:32:18","guid":{"rendered":"https:\/\/areiagroup.com\/?page_id=2597"},"modified":"2025-02-18T11:50:38","modified_gmt":"2025-02-18T14:50:38","slug":"vitor-zerbinato","status":"publish","type":"page","link":"https:\/\/areiagroup.com\/pt\/vitor-zerbinato\/","title":{"rendered":"Vitor Zerbinato"},"content":{"rendered":"<div data-elementor-type=\"wp-page\" data-elementor-id=\"2597\" class=\"elementor elementor-2597\" data-elementor-post-type=\"page\">\n\t\t\t\t\t\t<section class=\"elementor-section elementor-top-section elementor-element elementor-element-11ddc0550 elementor-section-full_width elementor-section-stretched elementor-section-height-min-height elementor-section-height-default elementor-section-items-middle wpr-particle-no wpr-jarallax-no wpr-parallax-no wpr-sticky-section-no wpr-equal-height-no\" data-id=\"11ddc0550\" data-element_type=\"section\" data-e-type=\"section\" data-settings=\"{&quot;background_background&quot;:&quot;classic&quot;,&quot;stretch_section&quot;:&quot;section-stretched&quot;}\">\n\t\t\t\t\t\t\t<div class=\"elementor-background-overlay\"><\/div>\n\t\t\t\t\t\t\t<div class=\"elementor-container elementor-column-gap-default\">\n\t\t\t\t\t<div class=\"elementor-column elementor-col-100 elementor-top-column elementor-element elementor-element-5a8ca306\" data-id=\"5a8ca306\" data-element_type=\"column\" data-e-type=\"column\">\n\t\t\t<div class=\"elementor-widget-wrap elementor-element-populated\">\n\t\t\t\t\t\t<div class=\"elementor-element elementor-element-1eb9a6b3 elementor-widget elementor-widget-heading\" data-id=\"1eb9a6b3\" data-element_type=\"widget\" data-e-type=\"widget\" data-widget_type=\"heading.default\">\n\t\t\t\t<div class=\"elementor-widget-container\">\n\t\t\t\t\t<h1 class=\"elementor-heading-title elementor-size-default\">Vitor Zerbinato<\/h1>\t\t\t\t<\/div>\n\t\t\t\t<\/div>\n\t\t\t\t\t<\/div>\n\t\t<\/div>\n\t\t\t\t\t<\/div>\n\t\t<\/section>\n\t\t\t\t<section class=\"elementor-section elementor-top-section elementor-element elementor-element-1318c200 elementor-section-boxed elementor-section-height-default elementor-section-height-default wpr-particle-no wpr-jarallax-no wpr-parallax-no wpr-sticky-section-no wpr-equal-height-no\" data-id=\"1318c200\" data-element_type=\"section\" data-e-type=\"section\">\n\t\t\t\t\t\t<div class=\"elementor-container elementor-column-gap-default\">\n\t\t\t\t\t<div class=\"elementor-column elementor-col-50 elementor-top-column elementor-element elementor-element-683c14a8\" data-id=\"683c14a8\" data-element_type=\"column\" data-e-type=\"column\">\n\t\t\t<div class=\"elementor-widget-wrap elementor-element-populated\">\n\t\t\t\t\t\t<div class=\"elementor-element elementor-element-47b70754 elementor-invisible elementor-widget elementor-widget-text-editor\" data-id=\"47b70754\" data-element_type=\"widget\" data-e-type=\"widget\" data-settings=\"{&quot;_animation&quot;:&quot;slideInRight&quot;,&quot;_animation_delay&quot;:200}\" data-widget_type=\"text-editor.default\">\n\t\t\t\t<div class=\"elementor-widget-container\">\n\t\t\t\t\t\t\t\t\t<p><span style=\"font-weight: 400;\">Fundada em 2014, a marca Vitor Zerbinato reflete um profundo compromisso com o luxo e a sofistica\u00e7\u00e3o na moda feminina. Conhecida por suas cria\u00e7\u00f5es de alta costura e designs inovadores, as cole\u00e7\u00f5es apresentam uma fus\u00e3o de est\u00e9tica contempor\u00e2nea e eleg\u00e2ncia atemporal.\u00a0<\/span><\/p><p>\u00a0<\/p><p><span style=\"font-weight: 400;\">Inspirando-se em diversas influ\u00eancias culturais, cada pe\u00e7a incorpora tecidos ricos e detalhes intrincados que destacam o artesanato. Vitor foca na cria\u00e7\u00e3o de roupas que empoderam as mulheres, enfatizando a individualidade e a confian\u00e7a. \n\nCom um forte enfoque na qualidade e no caimento, a marca oferece um guarda-roupa refinado para a mulher moderna, garantindo que cada cria\u00e7\u00e3o seja t\u00e3o \u00fanica quanto quem a usa.<\/span><\/p>\t\t\t\t\t\t\t\t<\/div>\n\t\t\t\t<\/div>\n\t\t\t\t<div class=\"elementor-element elementor-element-7571f38f elementor-widget-divider--view-line elementor-widget elementor-widget-divider\" data-id=\"7571f38f\" data-element_type=\"widget\" data-e-type=\"widget\" data-widget_type=\"divider.default\">\n\t\t\t\t<div class=\"elementor-widget-container\">\n\t\t\t\t\t\t\t<div class=\"elementor-divider\">\n\t\t\t<span class=\"elementor-divider-separator\">\n\t\t\t\t\t\t<\/span>\n\t\t<\/div>\n\t\t\t\t\t\t<\/div>\n\t\t\t\t<\/div>\n\t\t\t\t<div class=\"elementor-element elementor-element-1bd557c elementor-mobile-align-center elementor-icon-list--layout-traditional elementor-list-item-link-full_width elementor-widget elementor-widget-icon-list\" data-id=\"1bd557c\" data-element_type=\"widget\" data-e-type=\"widget\" data-widget_type=\"icon-list.default\">\n\t\t\t\t<div class=\"elementor-widget-container\">\n\t\t\t\t\t\t\t<ul class=\"elementor-icon-list-items\">\n\t\t\t\t\t\t\t<li class=\"elementor-icon-list-item\">\n\t\t\t\t\t\t\t\t\t\t\t<a href=\"https:\/\/www.vitorzerbinato.com.br\">\n\n\t\t\t\t\t\t\t\t\t\t\t\t<span class=\"elementor-icon-list-icon\">\n\t\t\t\t\t\t\t<svg aria-hidden=\"true\" class=\"e-font-icon-svg e-far-window-restore\" viewbox=\"0 0 512 512\" xmlns=\"http:\/\/www.w3.org\/2000\/svg\"><path d=\"M464 0H144c-26.5 0-48 21.5-48 48v48H48c-26.5 0-48 21.5-48 48v320c0 26.5 21.5 48 48 48h320c26.5 0 48-21.5 48-48v-48h48c26.5 0 48-21.5 48-48V48c0-26.5-21.5-48-48-48zm-96 464H48V256h320v208zm96-96h-48V144c0-26.5-21.5-48-48-48H144V48h320v320z\"><\/path><\/svg>\t\t\t\t\t\t<\/span>\n\t\t\t\t\t\t\t\t\t\t<span class=\"elementor-icon-list-text\">www.vitorzerbinato.com.br<\/span>\n\t\t\t\t\t\t\t\t\t\t\t<\/a>\n\t\t\t\t\t\t\t\t\t<\/li>\n\t\t\t\t\t\t\t\t<li class=\"elementor-icon-list-item\">\n\t\t\t\t\t\t\t\t\t\t\t<a href=\"https:\/\/www.instagram.com\/vitorzerbinato\">\n\n\t\t\t\t\t\t\t\t\t\t\t\t<span class=\"elementor-icon-list-icon\">\n\t\t\t\t\t\t\t<svg aria-hidden=\"true\" class=\"e-font-icon-svg e-fab-instagram\" viewbox=\"0 0 448 512\" xmlns=\"http:\/\/www.w3.org\/2000\/svg\"><path d=\"M224.1 141c-63.6 0-114.9 51.3-114.9 114.9s51.3 114.9 114.9 114.9S339 319.5 339 255.9 287.7 141 224.1 141zm0 189.6c-41.1 0-74.7-33.5-74.7-74.7s33.5-74.7 74.7-74.7 74.7 33.5 74.7 74.7-33.6 74.7-74.7 74.7zm146.4-194.3c0 14.9-12 26.8-26.8 26.8-14.9 0-26.8-12-26.8-26.8s12-26.8 26.8-26.8 26.8 12 26.8 26.8zm76.1 27.2c-1.7-35.9-9.9-67.7-36.2-93.9-26.2-26.2-58-34.4-93.9-36.2-37-2.1-147.9-2.1-184.9 0-35.8 1.7-67.6 9.9-93.9 36.1s-34.4 58-36.2 93.9c-2.1 37-2.1 147.9 0 184.9 1.7 35.9 9.9 67.7 36.2 93.9s58 34.4 93.9 36.2c37 2.1 147.9 2.1 184.9 0 35.9-1.7 67.7-9.9 93.9-36.2 26.2-26.2 34.4-58 36.2-93.9 2.1-37 2.1-147.8 0-184.8zM398.8 388c-7.8 19.6-22.9 34.7-42.6 42.6-29.5 11.7-99.5 9-132.1 9s-102.7 2.6-132.1-9c-19.6-7.8-34.7-22.9-42.6-42.6-11.7-29.5-9-99.5-9-132.1s-2.6-102.7 9-132.1c7.8-19.6 22.9-34.7 42.6-42.6 29.5-11.7 99.5-9 132.1-9s102.7-2.6 132.1 9c19.6 7.8 34.7 22.9 42.6 42.6 11.7 29.5 9 99.5 9 132.1s2.7 102.7-9 132.1z\"><\/path><\/svg>\t\t\t\t\t\t<\/span>\n\t\t\t\t\t\t\t\t\t\t<span class=\"elementor-icon-list-text\">vitorzerbinato<\/span>\n\t\t\t\t\t\t\t\t\t\t\t<\/a>\n\t\t\t\t\t\t\t\t\t<\/li>\n\t\t\t\t\t\t<\/ul>\n\t\t\t\t\t\t<\/div>\n\t\t\t\t<\/div>\n\t\t\t\t\t<\/div>\n\t\t<\/div>\n\t\t\t\t<div class=\"elementor-column elementor-col-50 elementor-top-column elementor-element elementor-element-73555209\" data-id=\"73555209\" data-element_type=\"column\" data-e-type=\"column\">\n\t\t\t<div class=\"elementor-widget-wrap elementor-element-populated\">\n\t\t\t\t\t\t<div class=\"elementor-element elementor-element-e0dac83 elementor-widget elementor-widget-image\" data-id=\"e0dac83\" data-element_type=\"widget\" data-e-type=\"widget\" data-widget_type=\"image.default\">\n\t\t\t\t<div class=\"elementor-widget-container\">\n\t\t\t\t\t\t\t\t\t\t\t\t\t\t\t<img fetchpriority=\"high\" decoding=\"async\" width=\"650\" height=\"975\" src=\"https:\/\/areiagroup.com\/wp-content\/uploads\/2024\/12\/brand-page-1-2.jpg\" class=\"attachment-full size-full wp-image-2484\" alt=\"\" srcset=\"https:\/\/areiagroup.com\/wp-content\/uploads\/2024\/12\/brand-page-1-2.jpg 650w, https:\/\/areiagroup.com\/wp-content\/uploads\/2024\/12\/brand-page-1-2-200x300.jpg 200w, https:\/\/areiagroup.com\/wp-content\/uploads\/2024\/12\/brand-page-1-2-300x450.jpg 300w\" sizes=\"(max-width: 650px) 100vw, 650px\" \/>\t\t\t\t\t\t\t\t\t\t\t\t\t\t\t<\/div>\n\t\t\t\t<\/div>\n\t\t\t\t\t<\/div>\n\t\t<\/div>\n\t\t\t\t\t<\/div>\n\t\t<\/section>\n\t\t\t\t<\/div>","protected":false},"excerpt":{"rendered":"<p>Vitor Zerbinato Founded in 2014, Vitor Zerbinato&#8217;s brand reflects a deep commitment to luxury and sophistication in women\u2019s fashion. Known for exquisite tailoring and innovative designs, the collections showcase a blend of contemporary aesthetics and timeless elegance.\u00a0 \u00a0 Drawing inspiration from diverse cultural influences, each piece incorporates rich fabrics and intricate details that highlight craftsmanship. Vitor focuses on creating garments that empower women, emphasizing individuality and confidence. With a strong emphasis on quality and fit, the brand delivers a refined wardrobe for the modern woman, ensuring each creation is as unique as its wearer. www.vitorzerbinato.com.br vitorzerbinato<\/p>","protected":false},"author":1,"featured_media":0,"parent":0,"menu_order":7,"comment_status":"closed","ping_status":"closed","template":"","meta":{"footnotes":""},"class_list":["post-2597","page","type-page","status-publish","hentry"],"yoast_head":"<!-- This site is optimized with the Yoast SEO plugin v27.4 - https:\/\/yoast.com\/product\/yoast-seo-wordpress\/ -->\n<title>Vitor Zerbinato - Areia Group | Fashion Consultancy &amp; Showroom<\/title>\n<meta name=\"robots\" content=\"index, follow, max-snippet:-1, max-image-preview:large, max-video-preview:-1\" \/>\n<link rel=\"canonical\" href=\"https:\/\/areiagroup.com\/pt\/vitor-zerbinato\/\" \/>\n<meta property=\"og:locale\" content=\"pt_BR\" \/>\n<meta property=\"og:type\" content=\"article\" \/>\n<meta property=\"og:title\" content=\"Vitor Zerbinato - Areia Group | Fashion Consultancy &amp; Showroom\" \/>\n<meta property=\"og:description\" content=\"Vitor Zerbinato Founded in 2014, Vitor Zerbinato&#8217;s brand reflects a deep commitment to luxury and sophistication in women\u2019s fashion. Known for exquisite tailoring and innovative designs, the collections showcase a blend of contemporary aesthetics and timeless elegance.\u00a0 \u00a0 Drawing inspiration from diverse cultural influences, each piece incorporates rich fabrics and intricate details that highlight craftsmanship. Vitor focuses on creating garments that empower women, emphasizing individuality and confidence. With a strong emphasis on quality and fit, the brand delivers a refined wardrobe for the modern woman, ensuring each creation is as unique as its wearer. www.vitorzerbinato.com.br vitorzerbinato\" \/>\n<meta property=\"og:url\" content=\"https:\/\/areiagroup.com\/pt\/vitor-zerbinato\/\" \/>\n<meta property=\"og:site_name\" content=\"Areia Group | Fashion Consultancy &amp; Showroom\" \/>\n<meta property=\"article:modified_time\" content=\"2025-02-18T14:50:38+00:00\" \/>\n<meta property=\"og:image\" content=\"https:\/\/areiagroup.com\/wp-content\/uploads\/2024\/12\/brand-page-1-2.jpg\" \/>\n\t<meta property=\"og:image:width\" content=\"650\" \/>\n\t<meta property=\"og:image:height\" content=\"975\" \/>\n\t<meta property=\"og:image:type\" content=\"image\/jpeg\" \/>\n<meta name=\"twitter:card\" content=\"summary_large_image\" \/>\n<script type=\"application\/ld+json\" class=\"yoast-schema-graph\">{\"@context\":\"https:\\\/\\\/schema.org\",\"@graph\":[{\"@type\":\"WebPage\",\"@id\":\"https:\\\/\\\/areiagroup.com\\\/vitor-zerbinato\\\/\",\"url\":\"https:\\\/\\\/areiagroup.com\\\/vitor-zerbinato\\\/\",\"name\":\"Vitor Zerbinato - Areia Group | Fashion Consultancy &amp; Showroom\",\"isPartOf\":{\"@id\":\"https:\\\/\\\/areiagroup.com\\\/#website\"},\"primaryImageOfPage\":{\"@id\":\"https:\\\/\\\/areiagroup.com\\\/vitor-zerbinato\\\/#primaryimage\"},\"image\":{\"@id\":\"https:\\\/\\\/areiagroup.com\\\/vitor-zerbinato\\\/#primaryimage\"},\"thumbnailUrl\":\"https:\\\/\\\/areiagroup.com\\\/wp-content\\\/uploads\\\/2024\\\/12\\\/brand-page-1-2.jpg\",\"datePublished\":\"2024-12-19T12:32:18+00:00\",\"dateModified\":\"2025-02-18T14:50:38+00:00\",\"breadcrumb\":{\"@id\":\"https:\\\/\\\/areiagroup.com\\\/vitor-zerbinato\\\/#breadcrumb\"},\"inLanguage\":\"pt-BR\",\"potentialAction\":[{\"@type\":\"ReadAction\",\"target\":[\"https:\\\/\\\/areiagroup.com\\\/vitor-zerbinato\\\/\"]}]},{\"@type\":\"ImageObject\",\"inLanguage\":\"pt-BR\",\"@id\":\"https:\\\/\\\/areiagroup.com\\\/vitor-zerbinato\\\/#primaryimage\",\"url\":\"https:\\\/\\\/areiagroup.com\\\/wp-content\\\/uploads\\\/2024\\\/12\\\/brand-page-1-2.jpg\",\"contentUrl\":\"https:\\\/\\\/areiagroup.com\\\/wp-content\\\/uploads\\\/2024\\\/12\\\/brand-page-1-2.jpg\"},{\"@type\":\"BreadcrumbList\",\"@id\":\"https:\\\/\\\/areiagroup.com\\\/vitor-zerbinato\\\/#breadcrumb\",\"itemListElement\":[{\"@type\":\"ListItem\",\"position\":1,\"name\":\"Home\",\"item\":\"https:\\\/\\\/areiagroup.com\\\/\"},{\"@type\":\"ListItem\",\"position\":2,\"name\":\"Vitor Zerbinato\"}]},{\"@type\":\"WebSite\",\"@id\":\"https:\\\/\\\/areiagroup.com\\\/#website\",\"url\":\"https:\\\/\\\/areiagroup.com\\\/\",\"name\":\"Areia Group | Fashion Consultancy & Showroom\",\"description\":\"Areia connects fashion brands to national and international markets with strategic solutions and innovative showrooms \u2013 physical and digital.\",\"publisher\":{\"@id\":\"https:\\\/\\\/areiagroup.com\\\/#organization\"},\"potentialAction\":[{\"@type\":\"SearchAction\",\"target\":{\"@type\":\"EntryPoint\",\"urlTemplate\":\"https:\\\/\\\/areiagroup.com\\\/?s={search_term_string}\"},\"query-input\":{\"@type\":\"PropertyValueSpecification\",\"valueRequired\":true,\"valueName\":\"search_term_string\"}}],\"inLanguage\":\"pt-BR\"},{\"@type\":\"Organization\",\"@id\":\"https:\\\/\\\/areiagroup.com\\\/#organization\",\"name\":\"Areia Group\",\"url\":\"https:\\\/\\\/areiagroup.com\\\/\",\"logo\":{\"@type\":\"ImageObject\",\"inLanguage\":\"pt-BR\",\"@id\":\"https:\\\/\\\/areiagroup.com\\\/#\\\/schema\\\/logo\\\/image\\\/\",\"url\":\"https:\\\/\\\/areiagroup.com\\\/wp-content\\\/uploads\\\/2024\\\/12\\\/logo-site.png\",\"contentUrl\":\"https:\\\/\\\/areiagroup.com\\\/wp-content\\\/uploads\\\/2024\\\/12\\\/logo-site.png\",\"width\":400,\"height\":59,\"caption\":\"Areia Group\"},\"image\":{\"@id\":\"https:\\\/\\\/areiagroup.com\\\/#\\\/schema\\\/logo\\\/image\\\/\"},\"sameAs\":[\"https:\\\/\\\/www.instagram.com\\\/areiagroup\\\/\"]}]}<\/script>\n<!-- \/ Yoast SEO plugin. -->","yoast_head_json":{"title":"Vitor Zerbinato - Areia Group | Fashion Consultancy &amp; Showroom","robots":{"index":"index","follow":"follow","max-snippet":"max-snippet:-1","max-image-preview":"max-image-preview:large","max-video-preview":"max-video-preview:-1"},"canonical":"https:\/\/areiagroup.com\/pt\/vitor-zerbinato\/","og_locale":"pt_BR","og_type":"article","og_title":"Vitor Zerbinato - Areia Group | Fashion Consultancy &amp; Showroom","og_description":"Vitor Zerbinato Founded in 2014, Vitor Zerbinato&#8217;s brand reflects a deep commitment to luxury and sophistication in women\u2019s fashion. Known for exquisite tailoring and innovative designs, the collections showcase a blend of contemporary aesthetics and timeless elegance.\u00a0 \u00a0 Drawing inspiration from diverse cultural influences, each piece incorporates rich fabrics and intricate details that highlight craftsmanship. Vitor focuses on creating garments that empower women, emphasizing individuality and confidence. With a strong emphasis on quality and fit, the brand delivers a refined wardrobe for the modern woman, ensuring each creation is as unique as its wearer. www.vitorzerbinato.com.br vitorzerbinato","og_url":"https:\/\/areiagroup.com\/pt\/vitor-zerbinato\/","og_site_name":"Areia Group | Fashion Consultancy &amp; Showroom","article_modified_time":"2025-02-18T14:50:38+00:00","og_image":[{"width":650,"height":975,"url":"https:\/\/areiagroup.com\/wp-content\/uploads\/2024\/12\/brand-page-1-2.jpg","type":"image\/jpeg"}],"twitter_card":"summary_large_image","schema":{"@context":"https:\/\/schema.org","@graph":[{"@type":"WebPage","@id":"https:\/\/areiagroup.com\/vitor-zerbinato\/","url":"https:\/\/areiagroup.com\/vitor-zerbinato\/","name":"Vitor Zerbinato - Areia Group | Fashion Consultancy &amp; Showroom","isPartOf":{"@id":"https:\/\/areiagroup.com\/#website"},"primaryImageOfPage":{"@id":"https:\/\/areiagroup.com\/vitor-zerbinato\/#primaryimage"},"image":{"@id":"https:\/\/areiagroup.com\/vitor-zerbinato\/#primaryimage"},"thumbnailUrl":"https:\/\/areiagroup.com\/wp-content\/uploads\/2024\/12\/brand-page-1-2.jpg","datePublished":"2024-12-19T12:32:18+00:00","dateModified":"2025-02-18T14:50:38+00:00","breadcrumb":{"@id":"https:\/\/areiagroup.com\/vitor-zerbinato\/#breadcrumb"},"inLanguage":"pt-BR","potentialAction":[{"@type":"ReadAction","target":["https:\/\/areiagroup.com\/vitor-zerbinato\/"]}]},{"@type":"ImageObject","inLanguage":"pt-BR","@id":"https:\/\/areiagroup.com\/vitor-zerbinato\/#primaryimage","url":"https:\/\/areiagroup.com\/wp-content\/uploads\/2024\/12\/brand-page-1-2.jpg","contentUrl":"https:\/\/areiagroup.com\/wp-content\/uploads\/2024\/12\/brand-page-1-2.jpg"},{"@type":"BreadcrumbList","@id":"https:\/\/areiagroup.com\/vitor-zerbinato\/#breadcrumb","itemListElement":[{"@type":"ListItem","position":1,"name":"Home","item":"https:\/\/areiagroup.com\/"},{"@type":"ListItem","position":2,"name":"Vitor Zerbinato"}]},{"@type":"WebSite","@id":"https:\/\/areiagroup.com\/#website","url":"https:\/\/areiagroup.com\/","name":"Areia Group | Consultoria de Moda &amp; Showroom","description":"A Areia conecta marcas ao mercados nacional e internacional com solu\u00e7\u00f5es estrat\u00e9gicas e showrooms inovadores \u2013 f\u00edsicos e digitais.","publisher":{"@id":"https:\/\/areiagroup.com\/#organization"},"potentialAction":[{"@type":"SearchAction","target":{"@type":"EntryPoint","urlTemplate":"https:\/\/areiagroup.com\/?s={search_term_string}"},"query-input":{"@type":"PropertyValueSpecification","valueRequired":true,"valueName":"search_term_string"}}],"inLanguage":"pt-BR"},{"@type":"Organization","@id":"https:\/\/areiagroup.com\/#organization","name":"Areia Group","url":"https:\/\/areiagroup.com\/","logo":{"@type":"ImageObject","inLanguage":"pt-BR","@id":"https:\/\/areiagroup.com\/#\/schema\/logo\/image\/","url":"https:\/\/areiagroup.com\/wp-content\/uploads\/2024\/12\/logo-site.png","contentUrl":"https:\/\/areiagroup.com\/wp-content\/uploads\/2024\/12\/logo-site.png","width":400,"height":59,"caption":"Areia Group"},"image":{"@id":"https:\/\/areiagroup.com\/#\/schema\/logo\/image\/"},"sameAs":["https:\/\/www.instagram.com\/areiagroup\/"]}]}},"_links":{"self":[{"href":"https:\/\/areiagroup.com\/pt\/wp-json\/wp\/v2\/pages\/2597","targetHints":{"allow":["GET"]}}],"collection":[{"href":"https:\/\/areiagroup.com\/pt\/wp-json\/wp\/v2\/pages"}],"about":[{"href":"https:\/\/areiagroup.com\/pt\/wp-json\/wp\/v2\/types\/page"}],"author":[{"embeddable":true,"href":"https:\/\/areiagroup.com\/pt\/wp-json\/wp\/v2\/users\/1"}],"replies":[{"embeddable":true,"href":"https:\/\/areiagroup.com\/pt\/wp-json\/wp\/v2\/comments?post=2597"}],"version-history":[{"count":10,"href":"https:\/\/areiagroup.com\/pt\/wp-json\/wp\/v2\/pages\/2597\/revisions"}],"predecessor-version":[{"id":3149,"href":"https:\/\/areiagroup.com\/pt\/wp-json\/wp\/v2\/pages\/2597\/revisions\/3149"}],"wp:attachment":[{"href":"https:\/\/areiagroup.com\/pt\/wp-json\/wp\/v2\/media?parent=2597"}],"curies":[{"name":"wp","href":"https:\/\/api.w.org\/{rel}","templated":true}]}}