{"id":1340,"date":"2024-11-22T09:43:44","date_gmt":"2024-11-22T12:43:44","guid":{"rendered":"https:\/\/areiagroup.com\/?page_id=1340"},"modified":"2025-02-18T11:26:33","modified_gmt":"2025-02-18T14:26:33","slug":"tata","status":"publish","type":"page","link":"https:\/\/areiagroup.com\/pt\/tata\/","title":{"rendered":"Tata"},"content":{"rendered":"<div data-elementor-type=\"wp-page\" data-elementor-id=\"1340\" class=\"elementor elementor-1340\" data-elementor-post-type=\"page\">\n\t\t\t\t\t\t<section class=\"elementor-section elementor-top-section elementor-element elementor-element-11ddc0550 elementor-section-full_width elementor-section-stretched elementor-section-height-min-height elementor-section-height-default elementor-section-items-middle wpr-particle-no wpr-jarallax-no wpr-parallax-no wpr-sticky-section-no wpr-equal-height-no\" data-id=\"11ddc0550\" data-element_type=\"section\" data-e-type=\"section\" data-settings=\"{&quot;background_background&quot;:&quot;classic&quot;,&quot;stretch_section&quot;:&quot;section-stretched&quot;}\">\n\t\t\t\t\t\t\t<div class=\"elementor-background-overlay\"><\/div>\n\t\t\t\t\t\t\t<div class=\"elementor-container elementor-column-gap-default\">\n\t\t\t\t\t<div class=\"elementor-column elementor-col-100 elementor-top-column elementor-element elementor-element-5a8ca306\" data-id=\"5a8ca306\" data-element_type=\"column\" data-e-type=\"column\">\n\t\t\t<div class=\"elementor-widget-wrap elementor-element-populated\">\n\t\t\t\t\t\t<div class=\"elementor-element elementor-element-1eb9a6b3 elementor-widget elementor-widget-heading\" data-id=\"1eb9a6b3\" data-element_type=\"widget\" data-e-type=\"widget\" data-widget_type=\"heading.default\">\n\t\t\t\t<div class=\"elementor-widget-container\">\n\t\t\t\t\t<h1 class=\"elementor-heading-title elementor-size-default\">Tata<\/h1>\t\t\t\t<\/div>\n\t\t\t\t<\/div>\n\t\t\t\t\t<\/div>\n\t\t<\/div>\n\t\t\t\t\t<\/div>\n\t\t<\/section>\n\t\t\t\t<section class=\"elementor-section elementor-top-section elementor-element elementor-element-1318c200 elementor-section-boxed elementor-section-height-default elementor-section-height-default wpr-particle-no wpr-jarallax-no wpr-parallax-no wpr-sticky-section-no wpr-equal-height-no\" data-id=\"1318c200\" data-element_type=\"section\" data-e-type=\"section\">\n\t\t\t\t\t\t<div class=\"elementor-container elementor-column-gap-default\">\n\t\t\t\t\t<div class=\"elementor-column elementor-col-50 elementor-top-column elementor-element elementor-element-683c14a8\" data-id=\"683c14a8\" data-element_type=\"column\" data-e-type=\"column\">\n\t\t\t<div class=\"elementor-widget-wrap elementor-element-populated\">\n\t\t\t\t\t\t<div class=\"elementor-element elementor-element-47b70754 elementor-invisible elementor-widget elementor-widget-text-editor\" data-id=\"47b70754\" data-element_type=\"widget\" data-e-type=\"widget\" data-settings=\"{&quot;_animation&quot;:&quot;slideInRight&quot;,&quot;_animation_delay&quot;:200}\" data-widget_type=\"text-editor.default\">\n\t\t\t\t<div class=\"elementor-widget-container\">\n\t\t\t\t\t\t\t\t\t<p><span style=\"font-weight: 400;\">Fundada em 2020 por Renata Maximo, Tata \u00e9 enraizada em um legado familiar de artes\u00e3os de malharia. A marca representa atemporalidade, qualidade e bem-estar, oferecendo pe\u00e7as essenciais para mulheres conectadas \u00e0 sua verdade interior. \n\nPriorizando o conceito de Slow Fashion, a Tata valoriza o meio ambiente, colaboradores e clientes. Cada cole\u00e7\u00e3o funde design atemporal com qualidade artesanal\u2014da sele\u00e7\u00e3o de mat\u00e9rias-primas ao caimento, costura e acabamento\u2014sempre priorizando conforto e bem-estar. \n\nTata opera de forma \u00e9tica e respeitosa nos mercados brasileiro e global, possuindo certifica\u00e7\u00e3o da ABVETEX<\/span><\/p>\t\t\t\t\t\t\t\t<\/div>\n\t\t\t\t<\/div>\n\t\t\t\t<div class=\"elementor-element elementor-element-7571f38f elementor-widget-divider--view-line elementor-widget elementor-widget-divider\" data-id=\"7571f38f\" data-element_type=\"widget\" data-e-type=\"widget\" data-widget_type=\"divider.default\">\n\t\t\t\t<div class=\"elementor-widget-container\">\n\t\t\t\t\t\t\t<div class=\"elementor-divider\">\n\t\t\t<span class=\"elementor-divider-separator\">\n\t\t\t\t\t\t<\/span>\n\t\t<\/div>\n\t\t\t\t\t\t<\/div>\n\t\t\t\t<\/div>\n\t\t\t\t<div class=\"elementor-element elementor-element-35140cb9 elementor-mobile-align-center elementor-icon-list--layout-traditional elementor-list-item-link-full_width elementor-widget elementor-widget-icon-list\" data-id=\"35140cb9\" data-element_type=\"widget\" data-e-type=\"widget\" data-widget_type=\"icon-list.default\">\n\t\t\t\t<div class=\"elementor-widget-container\">\n\t\t\t\t\t\t\t<ul class=\"elementor-icon-list-items\">\n\t\t\t\t\t\t\t<li class=\"elementor-icon-list-item\">\n\t\t\t\t\t\t\t\t\t\t\t<a href=\"https:\/\/www.tataknitwear.com.br\" target=\"_blank\">\n\n\t\t\t\t\t\t\t\t\t\t\t\t<span class=\"elementor-icon-list-icon\">\n\t\t\t\t\t\t\t<svg aria-hidden=\"true\" class=\"e-font-icon-svg e-far-window-restore\" viewbox=\"0 0 512 512\" xmlns=\"http:\/\/www.w3.org\/2000\/svg\"><path d=\"M464 0H144c-26.5 0-48 21.5-48 48v48H48c-26.5 0-48 21.5-48 48v320c0 26.5 21.5 48 48 48h320c26.5 0 48-21.5 48-48v-48h48c26.5 0 48-21.5 48-48V48c0-26.5-21.5-48-48-48zm-96 464H48V256h320v208zm96-96h-48V144c0-26.5-21.5-48-48-48H144V48h320v320z\"><\/path><\/svg>\t\t\t\t\t\t<\/span>\n\t\t\t\t\t\t\t\t\t\t<span class=\"elementor-icon-list-text\">tataknitwear.com.br<\/span>\n\t\t\t\t\t\t\t\t\t\t\t<\/a>\n\t\t\t\t\t\t\t\t\t<\/li>\n\t\t\t\t\t\t\t\t<li class=\"elementor-icon-list-item\">\n\t\t\t\t\t\t\t\t\t\t\t<a href=\"https:\/\/instagram.com\/tata.knitwear\">\n\n\t\t\t\t\t\t\t\t\t\t\t\t<span class=\"elementor-icon-list-icon\">\n\t\t\t\t\t\t\t<svg aria-hidden=\"true\" class=\"e-font-icon-svg e-fab-instagram\" viewbox=\"0 0 448 512\" xmlns=\"http:\/\/www.w3.org\/2000\/svg\"><path d=\"M224.1 141c-63.6 0-114.9 51.3-114.9 114.9s51.3 114.9 114.9 114.9S339 319.5 339 255.9 287.7 141 224.1 141zm0 189.6c-41.1 0-74.7-33.5-74.7-74.7s33.5-74.7 74.7-74.7 74.7 33.5 74.7 74.7-33.6 74.7-74.7 74.7zm146.4-194.3c0 14.9-12 26.8-26.8 26.8-14.9 0-26.8-12-26.8-26.8s12-26.8 26.8-26.8 26.8 12 26.8 26.8zm76.1 27.2c-1.7-35.9-9.9-67.7-36.2-93.9-26.2-26.2-58-34.4-93.9-36.2-37-2.1-147.9-2.1-184.9 0-35.8 1.7-67.6 9.9-93.9 36.1s-34.4 58-36.2 93.9c-2.1 37-2.1 147.9 0 184.9 1.7 35.9 9.9 67.7 36.2 93.9s58 34.4 93.9 36.2c37 2.1 147.9 2.1 184.9 0 35.9-1.7 67.7-9.9 93.9-36.2 26.2-26.2 34.4-58 36.2-93.9 2.1-37 2.1-147.8 0-184.8zM398.8 388c-7.8 19.6-22.9 34.7-42.6 42.6-29.5 11.7-99.5 9-132.1 9s-102.7 2.6-132.1-9c-19.6-7.8-34.7-22.9-42.6-42.6-11.7-29.5-9-99.5-9-132.1s-2.6-102.7 9-132.1c7.8-19.6 22.9-34.7 42.6-42.6 29.5-11.7 99.5-9 132.1-9s102.7-2.6 132.1 9c19.6 7.8 34.7 22.9 42.6 42.6 11.7 29.5 9 99.5 9 132.1s2.7 102.7-9 132.1z\"><\/path><\/svg>\t\t\t\t\t\t<\/span>\n\t\t\t\t\t\t\t\t\t\t<span class=\"elementor-icon-list-text\"> tata.knitwear<\/span>\n\t\t\t\t\t\t\t\t\t\t\t<\/a>\n\t\t\t\t\t\t\t\t\t<\/li>\n\t\t\t\t\t\t<\/ul>\n\t\t\t\t\t\t<\/div>\n\t\t\t\t<\/div>\n\t\t\t\t\t<\/div>\n\t\t<\/div>\n\t\t\t\t<div class=\"elementor-column elementor-col-50 elementor-top-column elementor-element elementor-element-73555209\" data-id=\"73555209\" data-element_type=\"column\" data-e-type=\"column\">\n\t\t\t<div class=\"elementor-widget-wrap elementor-element-populated\">\n\t\t\t\t\t\t<div class=\"elementor-element elementor-element-9a65fc4 elementor-arrows-position-inside elementor-pagination-position-outside elementor-widget elementor-widget-image-carousel\" data-id=\"9a65fc4\" data-element_type=\"widget\" data-e-type=\"widget\" data-settings=\"{&quot;slides_to_show&quot;:&quot;1&quot;,&quot;navigation&quot;:&quot;both&quot;,&quot;infinite&quot;:&quot;yes&quot;,&quot;effect&quot;:&quot;slide&quot;,&quot;speed&quot;:500}\" data-widget_type=\"image-carousel.default\">\n\t\t\t\t<div class=\"elementor-widget-container\">\n\t\t\t\t\t\t\t<div class=\"elementor-image-carousel-wrapper swiper\" role=\"region\" aria-roledescription=\"carousel\" aria-label=\"Image Carousel\" dir=\"ltr\">\n\t\t\t<div class=\"elementor-image-carousel swiper-wrapper\" aria-live=\"polite\">\n\t\t\t\t\t\t\t\t<div class=\"swiper-slide\" role=\"group\" aria-roledescription=\"slide\" aria-label=\"1 of 3\"><a data-elementor-open-lightbox=\"yes\" data-elementor-lightbox-slideshow=\"9a65fc4\" data-elementor-lightbox-title=\"1-brand-page\" data-e-action-hash=\"#elementor-action%3Aaction%3Dlightbox%26settings%3DeyJpZCI6MjQyMiwidXJsIjoiaHR0cHM6XC9cL2FyZWlhZ3JvdXAuY29tXC93cC1jb250ZW50XC91cGxvYWRzXC8yMDI0XC8xMlwvMS1icmFuZC1wYWdlLTQuanBnIiwic2xpZGVzaG93IjoiOWE2NWZjNCJ9\" href=\"https:\/\/areiagroup.com\/pt\/tata\/\"><figure class=\"swiper-slide-inner\"><img decoding=\"async\" class=\"swiper-slide-image\" src=\"https:\/\/areiagroup.com\/wp-content\/uploads\/2024\/12\/1-brand-page-4.jpg\" alt=\"1-brand-page\" \/><\/figure><\/a><\/div><div class=\"swiper-slide\" role=\"group\" aria-roledescription=\"slide\" aria-label=\"2 of 3\"><a data-elementor-open-lightbox=\"yes\" data-elementor-lightbox-slideshow=\"9a65fc4\" data-elementor-lightbox-title=\"2-brand-page\" data-e-action-hash=\"#elementor-action%3Aaction%3Dlightbox%26settings%3DeyJpZCI6MjQyMywidXJsIjoiaHR0cHM6XC9cL2FyZWlhZ3JvdXAuY29tXC93cC1jb250ZW50XC91cGxvYWRzXC8yMDI0XC8xMlwvMi1icmFuZC1wYWdlLTMuanBnIiwic2xpZGVzaG93IjoiOWE2NWZjNCJ9\" href=\"https:\/\/areiagroup.com\/pt\/tata\/\"><figure class=\"swiper-slide-inner\"><img decoding=\"async\" class=\"swiper-slide-image\" src=\"https:\/\/areiagroup.com\/wp-content\/uploads\/2024\/12\/2-brand-page-3.jpg\" alt=\"2-brand-page\" \/><\/figure><\/a><\/div><div class=\"swiper-slide\" role=\"group\" aria-roledescription=\"slide\" aria-label=\"3 of 3\"><a data-elementor-open-lightbox=\"yes\" data-elementor-lightbox-slideshow=\"9a65fc4\" data-elementor-lightbox-title=\"3-brand-page\" data-e-action-hash=\"#elementor-action%3Aaction%3Dlightbox%26settings%3DeyJpZCI6MjQyNCwidXJsIjoiaHR0cHM6XC9cL2FyZWlhZ3JvdXAuY29tXC93cC1jb250ZW50XC91cGxvYWRzXC8yMDI0XC8xMlwvMy1icmFuZC1wYWdlLTMuanBnIiwic2xpZGVzaG93IjoiOWE2NWZjNCJ9\" href=\"https:\/\/areiagroup.com\/pt\/tata\/\"><figure class=\"swiper-slide-inner\"><img decoding=\"async\" class=\"swiper-slide-image\" src=\"https:\/\/areiagroup.com\/wp-content\/uploads\/2024\/12\/3-brand-page-3.jpg\" alt=\"3-brand-page\" \/><\/figure><\/a><\/div>\t\t\t<\/div>\n\t\t\t\t\t\t\t\t\t\t\t\t<div class=\"elementor-swiper-button elementor-swiper-button-prev\" role=\"button\" tabindex=\"0\">\n\t\t\t\t\t\t<svg aria-hidden=\"true\" class=\"e-font-icon-svg e-eicon-chevron-left\" viewbox=\"0 0 1000 1000\" xmlns=\"http:\/\/www.w3.org\/2000\/svg\"><path d=\"M646 125C629 125 613 133 604 142L308 442C296 454 292 471 292 487 292 504 296 521 308 533L604 854C617 867 629 875 646 875 663 875 679 871 692 858 704 846 713 829 713 812 713 796 708 779 692 767L438 487 692 225C700 217 708 204 708 187 708 171 704 154 692 142 675 129 663 125 646 125Z\"><\/path><\/svg>\t\t\t\t\t<\/div>\n\t\t\t\t\t<div class=\"elementor-swiper-button elementor-swiper-button-next\" role=\"button\" tabindex=\"0\">\n\t\t\t\t\t\t<svg aria-hidden=\"true\" class=\"e-font-icon-svg e-eicon-chevron-right\" viewbox=\"0 0 1000 1000\" xmlns=\"http:\/\/www.w3.org\/2000\/svg\"><path d=\"M696 533C708 521 713 504 713 487 713 471 708 454 696 446L400 146C388 133 375 125 354 125 338 125 325 129 313 142 300 154 292 171 292 187 292 204 296 221 308 233L563 492 304 771C292 783 288 800 288 817 288 833 296 850 308 863 321 871 338 875 354 875 371 875 388 867 400 854L696 533Z\"><\/path><\/svg>\t\t\t\t\t<\/div>\n\t\t\t\t\n\t\t\t\t\t\t\t\t\t<div class=\"swiper-pagination\"><\/div>\n\t\t\t\t\t\t\t\t\t<\/div>\n\t\t\t\t\t\t<\/div>\n\t\t\t\t<\/div>\n\t\t\t\t\t<\/div>\n\t\t<\/div>\n\t\t\t\t\t<\/div>\n\t\t<\/section>\n\t\t\t\t<\/div>","protected":false},"excerpt":{"rendered":"<p>Tata Founded in 2020 by Renata Maximo, Tata is rooted in a family legacy of knitwear artisans. The brand embodies timelessness, quality, and wellness, offering essential knitwear for women connected to their inner truth. Prioritizing Slow Fashion, Tata values the environment, collaborators, and customers. Each collection merges timeless design with quality craftsmanship\u2014from raw material selection to fit, sewing, and finishing\u2014always prioritizing comfort and well-being. Tata operates ethically and respectfully in both Brazilian and global markets, holding certification from ABVETEX. tataknitwear.com.br tata.knitwear<\/p>","protected":false},"author":1,"featured_media":1173,"parent":0,"menu_order":7,"comment_status":"closed","ping_status":"closed","template":"","meta":{"footnotes":""},"class_list":["post-1340","page","type-page","status-publish","has-post-thumbnail","hentry"],"yoast_head":"<!-- This site is optimized with the Yoast SEO plugin v27.4 - https:\/\/yoast.com\/product\/yoast-seo-wordpress\/ -->\n<title>Tata - Areia Group | Fashion Consultancy &amp; Showroom<\/title>\n<meta name=\"robots\" content=\"index, follow, max-snippet:-1, max-image-preview:large, max-video-preview:-1\" \/>\n<link rel=\"canonical\" href=\"https:\/\/areiagroup.com\/pt\/tata\/\" \/>\n<meta property=\"og:locale\" content=\"pt_BR\" \/>\n<meta property=\"og:type\" content=\"article\" \/>\n<meta property=\"og:title\" content=\"Tata - Areia Group | Fashion Consultancy &amp; Showroom\" \/>\n<meta property=\"og:description\" content=\"Tata Founded in 2020 by Renata Maximo, Tata is rooted in a family legacy of knitwear artisans. The brand embodies timelessness, quality, and wellness, offering essential knitwear for women connected to their inner truth. Prioritizing Slow Fashion, Tata values the environment, collaborators, and customers. Each collection merges timeless design with quality craftsmanship\u2014from raw material selection to fit, sewing, and finishing\u2014always prioritizing comfort and well-being. Tata operates ethically and respectfully in both Brazilian and global markets, holding certification from ABVETEX. tataknitwear.com.br tata.knitwear\" \/>\n<meta property=\"og:url\" content=\"https:\/\/areiagroup.com\/pt\/tata\/\" \/>\n<meta property=\"og:site_name\" content=\"Areia Group | Fashion Consultancy &amp; Showroom\" \/>\n<meta property=\"article:modified_time\" content=\"2025-02-18T14:26:33+00:00\" \/>\n<meta property=\"og:image\" content=\"https:\/\/areiagroup.com\/wp-content\/uploads\/2024\/11\/tata.jpg\" \/>\n\t<meta property=\"og:image:width\" content=\"492\" \/>\n\t<meta property=\"og:image:height\" content=\"625\" \/>\n\t<meta property=\"og:image:type\" content=\"image\/jpeg\" \/>\n<meta name=\"twitter:card\" content=\"summary_large_image\" \/>\n<script type=\"application\/ld+json\" class=\"yoast-schema-graph\">{\"@context\":\"https:\\\/\\\/schema.org\",\"@graph\":[{\"@type\":\"WebPage\",\"@id\":\"https:\\\/\\\/areiagroup.com\\\/tata\\\/\",\"url\":\"https:\\\/\\\/areiagroup.com\\\/tata\\\/\",\"name\":\"Tata - Areia Group | Fashion Consultancy &amp; Showroom\",\"isPartOf\":{\"@id\":\"https:\\\/\\\/areiagroup.com\\\/#website\"},\"primaryImageOfPage\":{\"@id\":\"https:\\\/\\\/areiagroup.com\\\/tata\\\/#primaryimage\"},\"image\":{\"@id\":\"https:\\\/\\\/areiagroup.com\\\/tata\\\/#primaryimage\"},\"thumbnailUrl\":\"https:\\\/\\\/areiagroup.com\\\/wp-content\\\/uploads\\\/2024\\\/11\\\/tata.jpg\",\"datePublished\":\"2024-11-22T12:43:44+00:00\",\"dateModified\":\"2025-02-18T14:26:33+00:00\",\"breadcrumb\":{\"@id\":\"https:\\\/\\\/areiagroup.com\\\/tata\\\/#breadcrumb\"},\"inLanguage\":\"pt-BR\",\"potentialAction\":[{\"@type\":\"ReadAction\",\"target\":[\"https:\\\/\\\/areiagroup.com\\\/tata\\\/\"]}]},{\"@type\":\"ImageObject\",\"inLanguage\":\"pt-BR\",\"@id\":\"https:\\\/\\\/areiagroup.com\\\/tata\\\/#primaryimage\",\"url\":\"https:\\\/\\\/areiagroup.com\\\/wp-content\\\/uploads\\\/2024\\\/11\\\/tata.jpg\",\"contentUrl\":\"https:\\\/\\\/areiagroup.com\\\/wp-content\\\/uploads\\\/2024\\\/11\\\/tata.jpg\",\"width\":492,\"height\":625,\"caption\":\"TESTE\"},{\"@type\":\"BreadcrumbList\",\"@id\":\"https:\\\/\\\/areiagroup.com\\\/tata\\\/#breadcrumb\",\"itemListElement\":[{\"@type\":\"ListItem\",\"position\":1,\"name\":\"Home\",\"item\":\"https:\\\/\\\/areiagroup.com\\\/\"},{\"@type\":\"ListItem\",\"position\":2,\"name\":\"Tata\"}]},{\"@type\":\"WebSite\",\"@id\":\"https:\\\/\\\/areiagroup.com\\\/#website\",\"url\":\"https:\\\/\\\/areiagroup.com\\\/\",\"name\":\"Areia Group | Fashion Consultancy & Showroom\",\"description\":\"Areia connects fashion brands to national and international markets with strategic solutions and innovative showrooms \u2013 physical and digital.\",\"publisher\":{\"@id\":\"https:\\\/\\\/areiagroup.com\\\/#organization\"},\"potentialAction\":[{\"@type\":\"SearchAction\",\"target\":{\"@type\":\"EntryPoint\",\"urlTemplate\":\"https:\\\/\\\/areiagroup.com\\\/?s={search_term_string}\"},\"query-input\":{\"@type\":\"PropertyValueSpecification\",\"valueRequired\":true,\"valueName\":\"search_term_string\"}}],\"inLanguage\":\"pt-BR\"},{\"@type\":\"Organization\",\"@id\":\"https:\\\/\\\/areiagroup.com\\\/#organization\",\"name\":\"Areia Group\",\"url\":\"https:\\\/\\\/areiagroup.com\\\/\",\"logo\":{\"@type\":\"ImageObject\",\"inLanguage\":\"pt-BR\",\"@id\":\"https:\\\/\\\/areiagroup.com\\\/#\\\/schema\\\/logo\\\/image\\\/\",\"url\":\"https:\\\/\\\/areiagroup.com\\\/wp-content\\\/uploads\\\/2024\\\/12\\\/logo-site.png\",\"contentUrl\":\"https:\\\/\\\/areiagroup.com\\\/wp-content\\\/uploads\\\/2024\\\/12\\\/logo-site.png\",\"width\":400,\"height\":59,\"caption\":\"Areia Group\"},\"image\":{\"@id\":\"https:\\\/\\\/areiagroup.com\\\/#\\\/schema\\\/logo\\\/image\\\/\"},\"sameAs\":[\"https:\\\/\\\/www.instagram.com\\\/areiagroup\\\/\"]}]}<\/script>\n<!-- \/ Yoast SEO plugin. -->","yoast_head_json":{"title":"Tata - Areia Group | Fashion Consultancy &amp; Showroom","robots":{"index":"index","follow":"follow","max-snippet":"max-snippet:-1","max-image-preview":"max-image-preview:large","max-video-preview":"max-video-preview:-1"},"canonical":"https:\/\/areiagroup.com\/pt\/tata\/","og_locale":"pt_BR","og_type":"article","og_title":"Tata - Areia Group | Fashion Consultancy &amp; Showroom","og_description":"Tata Founded in 2020 by Renata Maximo, Tata is rooted in a family legacy of knitwear artisans. The brand embodies timelessness, quality, and wellness, offering essential knitwear for women connected to their inner truth. Prioritizing Slow Fashion, Tata values the environment, collaborators, and customers. Each collection merges timeless design with quality craftsmanship\u2014from raw material selection to fit, sewing, and finishing\u2014always prioritizing comfort and well-being. Tata operates ethically and respectfully in both Brazilian and global markets, holding certification from ABVETEX. tataknitwear.com.br tata.knitwear","og_url":"https:\/\/areiagroup.com\/pt\/tata\/","og_site_name":"Areia Group | Fashion Consultancy &amp; Showroom","article_modified_time":"2025-02-18T14:26:33+00:00","og_image":[{"width":492,"height":625,"url":"https:\/\/areiagroup.com\/wp-content\/uploads\/2024\/11\/tata.jpg","type":"image\/jpeg"}],"twitter_card":"summary_large_image","schema":{"@context":"https:\/\/schema.org","@graph":[{"@type":"WebPage","@id":"https:\/\/areiagroup.com\/tata\/","url":"https:\/\/areiagroup.com\/tata\/","name":"Tata - Areia Group | Fashion Consultancy &amp; Showroom","isPartOf":{"@id":"https:\/\/areiagroup.com\/#website"},"primaryImageOfPage":{"@id":"https:\/\/areiagroup.com\/tata\/#primaryimage"},"image":{"@id":"https:\/\/areiagroup.com\/tata\/#primaryimage"},"thumbnailUrl":"https:\/\/areiagroup.com\/wp-content\/uploads\/2024\/11\/tata.jpg","datePublished":"2024-11-22T12:43:44+00:00","dateModified":"2025-02-18T14:26:33+00:00","breadcrumb":{"@id":"https:\/\/areiagroup.com\/tata\/#breadcrumb"},"inLanguage":"pt-BR","potentialAction":[{"@type":"ReadAction","target":["https:\/\/areiagroup.com\/tata\/"]}]},{"@type":"ImageObject","inLanguage":"pt-BR","@id":"https:\/\/areiagroup.com\/tata\/#primaryimage","url":"https:\/\/areiagroup.com\/wp-content\/uploads\/2024\/11\/tata.jpg","contentUrl":"https:\/\/areiagroup.com\/wp-content\/uploads\/2024\/11\/tata.jpg","width":492,"height":625,"caption":"TESTE"},{"@type":"BreadcrumbList","@id":"https:\/\/areiagroup.com\/tata\/#breadcrumb","itemListElement":[{"@type":"ListItem","position":1,"name":"Home","item":"https:\/\/areiagroup.com\/"},{"@type":"ListItem","position":2,"name":"Tata"}]},{"@type":"WebSite","@id":"https:\/\/areiagroup.com\/#website","url":"https:\/\/areiagroup.com\/","name":"Areia Group | Consultoria de Moda &amp; Showroom","description":"A Areia conecta marcas ao mercados nacional e internacional com solu\u00e7\u00f5es estrat\u00e9gicas e showrooms inovadores \u2013 f\u00edsicos e digitais.","publisher":{"@id":"https:\/\/areiagroup.com\/#organization"},"potentialAction":[{"@type":"SearchAction","target":{"@type":"EntryPoint","urlTemplate":"https:\/\/areiagroup.com\/?s={search_term_string}"},"query-input":{"@type":"PropertyValueSpecification","valueRequired":true,"valueName":"search_term_string"}}],"inLanguage":"pt-BR"},{"@type":"Organization","@id":"https:\/\/areiagroup.com\/#organization","name":"Areia Group","url":"https:\/\/areiagroup.com\/","logo":{"@type":"ImageObject","inLanguage":"pt-BR","@id":"https:\/\/areiagroup.com\/#\/schema\/logo\/image\/","url":"https:\/\/areiagroup.com\/wp-content\/uploads\/2024\/12\/logo-site.png","contentUrl":"https:\/\/areiagroup.com\/wp-content\/uploads\/2024\/12\/logo-site.png","width":400,"height":59,"caption":"Areia Group"},"image":{"@id":"https:\/\/areiagroup.com\/#\/schema\/logo\/image\/"},"sameAs":["https:\/\/www.instagram.com\/areiagroup\/"]}]}},"_links":{"self":[{"href":"https:\/\/areiagroup.com\/pt\/wp-json\/wp\/v2\/pages\/1340","targetHints":{"allow":["GET"]}}],"collection":[{"href":"https:\/\/areiagroup.com\/pt\/wp-json\/wp\/v2\/pages"}],"about":[{"href":"https:\/\/areiagroup.com\/pt\/wp-json\/wp\/v2\/types\/page"}],"author":[{"embeddable":true,"href":"https:\/\/areiagroup.com\/pt\/wp-json\/wp\/v2\/users\/1"}],"replies":[{"embeddable":true,"href":"https:\/\/areiagroup.com\/pt\/wp-json\/wp\/v2\/comments?post=1340"}],"version-history":[{"count":13,"href":"https:\/\/areiagroup.com\/pt\/wp-json\/wp\/v2\/pages\/1340\/revisions"}],"predecessor-version":[{"id":3088,"href":"https:\/\/areiagroup.com\/pt\/wp-json\/wp\/v2\/pages\/1340\/revisions\/3088"}],"wp:featuredmedia":[{"embeddable":true,"href":"https:\/\/areiagroup.com\/pt\/wp-json\/wp\/v2\/media\/1173"}],"wp:attachment":[{"href":"https:\/\/areiagroup.com\/pt\/wp-json\/wp\/v2\/media?parent=1340"}],"curies":[{"name":"wp","href":"https:\/\/api.w.org\/{rel}","templated":true}]}}