{"id":1325,"date":"2024-11-22T09:29:26","date_gmt":"2024-11-22T12:29:26","guid":{"rendered":"https:\/\/areiagroup.com\/?page_id=1325"},"modified":"2025-04-14T07:04:23","modified_gmt":"2025-04-14T10:04:23","slug":"fortuna","status":"publish","type":"page","link":"https:\/\/areiagroup.com\/pt\/fortuna\/","title":{"rendered":"Fortuna"},"content":{"rendered":"<div data-elementor-type=\"wp-page\" data-elementor-id=\"1325\" class=\"elementor elementor-1325\" data-elementor-post-type=\"page\">\n\t\t\t\t\t\t<section class=\"elementor-section elementor-top-section elementor-element elementor-element-11ddc0550 elementor-section-full_width elementor-section-stretched elementor-section-height-min-height elementor-section-height-default elementor-section-items-middle wpr-particle-no wpr-jarallax-no wpr-parallax-no wpr-sticky-section-no wpr-equal-height-no\" data-id=\"11ddc0550\" data-element_type=\"section\" data-e-type=\"section\" data-settings=\"{&quot;background_background&quot;:&quot;classic&quot;,&quot;stretch_section&quot;:&quot;section-stretched&quot;}\">\n\t\t\t\t\t\t\t<div class=\"elementor-background-overlay\"><\/div>\n\t\t\t\t\t\t\t<div class=\"elementor-container elementor-column-gap-default\">\n\t\t\t\t\t<div class=\"elementor-column elementor-col-100 elementor-top-column elementor-element elementor-element-5a8ca306\" data-id=\"5a8ca306\" data-element_type=\"column\" data-e-type=\"column\">\n\t\t\t<div class=\"elementor-widget-wrap elementor-element-populated\">\n\t\t\t\t\t\t<div class=\"elementor-element elementor-element-1eb9a6b3 elementor-widget elementor-widget-heading\" data-id=\"1eb9a6b3\" data-element_type=\"widget\" data-e-type=\"widget\" data-widget_type=\"heading.default\">\n\t\t\t\t<div class=\"elementor-widget-container\">\n\t\t\t\t\t<h1 class=\"elementor-heading-title elementor-size-default\">Fortuna<\/h1>\t\t\t\t<\/div>\n\t\t\t\t<\/div>\n\t\t\t\t\t<\/div>\n\t\t<\/div>\n\t\t\t\t\t<\/div>\n\t\t<\/section>\n\t\t\t\t<section class=\"elementor-section elementor-top-section elementor-element elementor-element-21e3aa67 elementor-section-boxed elementor-section-height-default elementor-section-height-default wpr-particle-no wpr-jarallax-no wpr-parallax-no wpr-sticky-section-no wpr-equal-height-no\" data-id=\"21e3aa67\" data-element_type=\"section\" data-e-type=\"section\">\n\t\t\t\t\t\t<div class=\"elementor-container elementor-column-gap-default\">\n\t\t\t\t\t<div class=\"elementor-column elementor-col-50 elementor-top-column elementor-element elementor-element-7b2d14ef\" data-id=\"7b2d14ef\" data-element_type=\"column\" data-e-type=\"column\">\n\t\t\t<div class=\"elementor-widget-wrap elementor-element-populated\">\n\t\t\t\t\t\t<div class=\"elementor-element elementor-element-70dfd064 elementor-invisible elementor-widget elementor-widget-text-editor\" data-id=\"70dfd064\" data-element_type=\"widget\" data-e-type=\"widget\" data-settings=\"{&quot;_animation&quot;:&quot;slideInRight&quot;,&quot;_animation_delay&quot;:200}\" data-widget_type=\"text-editor.default\">\n\t\t\t\t<div class=\"elementor-widget-container\">\n\t\t\t\t\t\t\t\t\t<p><span style=\"font-weight: 400;\">Fortuna representa o esp\u00edrito da boa sorte atrav\u00e9s de cole\u00e7\u00f5es que unem sofistica\u00e7\u00e3o atemporal e um toque contempor\u00e2neo. Cada pe\u00e7a evoca eleg\u00e2ncia e um toque de sorte, apresentando uma fus\u00e3o \u00fanica de luxo e est\u00e9tica moderna.<\/span><\/p><p><span style=\"font-weight: 400;\">Inspired by Peru\u2019s rich cultural heritage and the vision of founder Monica Galese de Osma, Fortuna\u2019s designs reflect the country&#8217;s diverse nature, art, history, and traditions.\u00a0 \u00a0<\/span><\/p>\t\t\t\t\t\t\t\t<\/div>\n\t\t\t\t<\/div>\n\t\t\t\t<div class=\"elementor-element elementor-element-7286e1ab elementor-widget-divider--view-line elementor-widget elementor-widget-divider\" data-id=\"7286e1ab\" data-element_type=\"widget\" data-e-type=\"widget\" data-widget_type=\"divider.default\">\n\t\t\t\t<div class=\"elementor-widget-container\">\n\t\t\t\t\t\t\t<div class=\"elementor-divider\">\n\t\t\t<span class=\"elementor-divider-separator\">\n\t\t\t\t\t\t<\/span>\n\t\t<\/div>\n\t\t\t\t\t\t<\/div>\n\t\t\t\t<\/div>\n\t\t\t\t<div class=\"elementor-element elementor-element-6cc28b48 elementor-mobile-align-center elementor-icon-list--layout-traditional elementor-list-item-link-full_width elementor-widget elementor-widget-icon-list\" data-id=\"6cc28b48\" data-element_type=\"widget\" data-e-type=\"widget\" data-widget_type=\"icon-list.default\">\n\t\t\t\t<div class=\"elementor-widget-container\">\n\t\t\t\t\t\t\t<ul class=\"elementor-icon-list-items\">\n\t\t\t\t\t\t\t<li class=\"elementor-icon-list-item\">\n\t\t\t\t\t\t\t\t\t\t\t<a href=\"https:\/\/instagram.com\/fortuna_world_fortuna\">\n\n\t\t\t\t\t\t\t\t\t\t\t\t<span class=\"elementor-icon-list-icon\">\n\t\t\t\t\t\t\t<svg aria-hidden=\"true\" class=\"e-font-icon-svg e-fab-instagram\" viewbox=\"0 0 448 512\" xmlns=\"http:\/\/www.w3.org\/2000\/svg\"><path d=\"M224.1 141c-63.6 0-114.9 51.3-114.9 114.9s51.3 114.9 114.9 114.9S339 319.5 339 255.9 287.7 141 224.1 141zm0 189.6c-41.1 0-74.7-33.5-74.7-74.7s33.5-74.7 74.7-74.7 74.7 33.5 74.7 74.7-33.6 74.7-74.7 74.7zm146.4-194.3c0 14.9-12 26.8-26.8 26.8-14.9 0-26.8-12-26.8-26.8s12-26.8 26.8-26.8 26.8 12 26.8 26.8zm76.1 27.2c-1.7-35.9-9.9-67.7-36.2-93.9-26.2-26.2-58-34.4-93.9-36.2-37-2.1-147.9-2.1-184.9 0-35.8 1.7-67.6 9.9-93.9 36.1s-34.4 58-36.2 93.9c-2.1 37-2.1 147.9 0 184.9 1.7 35.9 9.9 67.7 36.2 93.9s58 34.4 93.9 36.2c37 2.1 147.9 2.1 184.9 0 35.9-1.7 67.7-9.9 93.9-36.2 26.2-26.2 34.4-58 36.2-93.9 2.1-37 2.1-147.8 0-184.8zM398.8 388c-7.8 19.6-22.9 34.7-42.6 42.6-29.5 11.7-99.5 9-132.1 9s-102.7 2.6-132.1-9c-19.6-7.8-34.7-22.9-42.6-42.6-11.7-29.5-9-99.5-9-132.1s-2.6-102.7 9-132.1c7.8-19.6 22.9-34.7 42.6-42.6 29.5-11.7 99.5-9 132.1-9s102.7-2.6 132.1 9c19.6 7.8 34.7 22.9 42.6 42.6 11.7 29.5 9 99.5 9 132.1s2.7 102.7-9 132.1z\"><\/path><\/svg>\t\t\t\t\t\t<\/span>\n\t\t\t\t\t\t\t\t\t\t<span class=\"elementor-icon-list-text\">fortuna_world_fortuna<\/span>\n\t\t\t\t\t\t\t\t\t\t\t<\/a>\n\t\t\t\t\t\t\t\t\t<\/li>\n\t\t\t\t\t\t\t\t<li class=\"elementor-icon-list-item\">\n\t\t\t\t\t\t\t\t\t\t\t<a href=\"https:\/\/www.jooraccess.com\/r\/storefront\/935889\/fortuna\">\n\n\t\t\t\t\t\t\t\t\t\t\t\t<span class=\"elementor-icon-list-icon\">\n\t\t\t\t\t\t\t<svg aria-hidden=\"true\" class=\"e-font-icon-svg e-far-circle\" viewbox=\"0 0 512 512\" xmlns=\"http:\/\/www.w3.org\/2000\/svg\"><path d=\"M256 8C119 8 8 119 8 256s111 248 248 248 248-111 248-248S393 8 256 8zm0 448c-110.5 0-200-89.5-200-200S145.5 56 256 56s200 89.5 200 200-89.5 200-200 200z\"><\/path><\/svg>\t\t\t\t\t\t<\/span>\n\t\t\t\t\t\t\t\t\t\t<span class=\"elementor-icon-list-text\">Joor<\/span>\n\t\t\t\t\t\t\t\t\t\t\t<\/a>\n\t\t\t\t\t\t\t\t\t<\/li>\n\t\t\t\t\t\t<\/ul>\n\t\t\t\t\t\t<\/div>\n\t\t\t\t<\/div>\n\t\t\t\t\t<\/div>\n\t\t<\/div>\n\t\t\t\t<div class=\"elementor-column elementor-col-50 elementor-top-column elementor-element elementor-element-7eacc026\" data-id=\"7eacc026\" data-element_type=\"column\" data-e-type=\"column\">\n\t\t\t<div class=\"elementor-widget-wrap elementor-element-populated\">\n\t\t\t\t\t\t<div class=\"elementor-element elementor-element-8c337a2 elementor-arrows-position-inside elementor-pagination-position-outside elementor-widget elementor-widget-image-carousel\" data-id=\"8c337a2\" data-element_type=\"widget\" data-e-type=\"widget\" data-settings=\"{&quot;slides_to_show&quot;:&quot;1&quot;,&quot;navigation&quot;:&quot;both&quot;,&quot;infinite&quot;:&quot;yes&quot;,&quot;effect&quot;:&quot;slide&quot;,&quot;speed&quot;:500}\" data-widget_type=\"image-carousel.default\">\n\t\t\t\t<div class=\"elementor-widget-container\">\n\t\t\t\t\t\t\t<div class=\"elementor-image-carousel-wrapper swiper\" role=\"region\" aria-roledescription=\"carousel\" aria-label=\"Image Carousel\" dir=\"ltr\">\n\t\t\t<div class=\"elementor-image-carousel swiper-wrapper\" aria-live=\"polite\">\n\t\t\t\t\t\t\t\t<div class=\"swiper-slide\" role=\"group\" aria-roledescription=\"slide\" aria-label=\"1 de 4\" data-no-translation-aria-label=\"\"><a data-elementor-open-lightbox=\"yes\" data-elementor-lightbox-slideshow=\"8c337a2\" data-elementor-lightbox-title=\"brand-page-1\" data-e-action-hash=\"#elementor-action%3Aaction%3Dlightbox%26settings%3DeyJpZCI6MjM5MywidXJsIjoiaHR0cHM6XC9cL2FyZWlhZ3JvdXAuY29tXC93cC1jb250ZW50XC91cGxvYWRzXC8yMDI0XC8xMlwvYnJhbmQtcGFnZS0xLTEuanBnIiwic2xpZGVzaG93IjoiOGMzMzdhMiJ9\" href=\"https:\/\/areiagroup.com\/pt\/fortuna\/\"><figure class=\"swiper-slide-inner\"><img decoding=\"async\" class=\"swiper-slide-image\" src=\"https:\/\/areiagroup.com\/wp-content\/uploads\/2024\/12\/brand-page-1-1.jpg\" alt=\"brand-page-1\" \/><\/figure><\/a><\/div><div class=\"swiper-slide\" role=\"group\" aria-roledescription=\"slide\" aria-label=\"2 de 4\" data-no-translation-aria-label=\"\"><a data-elementor-open-lightbox=\"yes\" data-elementor-lightbox-slideshow=\"8c337a2\" data-elementor-lightbox-title=\"brand-page-2\" data-e-action-hash=\"#elementor-action%3Aaction%3Dlightbox%26settings%3DeyJpZCI6MjM5NCwidXJsIjoiaHR0cHM6XC9cL2FyZWlhZ3JvdXAuY29tXC93cC1jb250ZW50XC91cGxvYWRzXC8yMDI0XC8xMlwvYnJhbmQtcGFnZS0yLTEuanBnIiwic2xpZGVzaG93IjoiOGMzMzdhMiJ9\" href=\"https:\/\/areiagroup.com\/pt\/fortuna\/\"><figure class=\"swiper-slide-inner\"><img decoding=\"async\" class=\"swiper-slide-image\" src=\"https:\/\/areiagroup.com\/wp-content\/uploads\/2024\/12\/brand-page-2-1.jpg\" alt=\"brand-page-2\" \/><\/figure><\/a><\/div><div class=\"swiper-slide\" role=\"group\" aria-roledescription=\"slide\" aria-label=\"3 de 4\" data-no-translation-aria-label=\"\"><a data-elementor-open-lightbox=\"yes\" data-elementor-lightbox-slideshow=\"8c337a2\" data-elementor-lightbox-title=\"brand-page-3\" data-e-action-hash=\"#elementor-action%3Aaction%3Dlightbox%26settings%3DeyJpZCI6MjM5NSwidXJsIjoiaHR0cHM6XC9cL2FyZWlhZ3JvdXAuY29tXC93cC1jb250ZW50XC91cGxvYWRzXC8yMDI0XC8xMlwvYnJhbmQtcGFnZS0zLTEuanBnIiwic2xpZGVzaG93IjoiOGMzMzdhMiJ9\" href=\"https:\/\/areiagroup.com\/pt\/fortuna\/\"><figure class=\"swiper-slide-inner\"><img decoding=\"async\" class=\"swiper-slide-image\" src=\"https:\/\/areiagroup.com\/wp-content\/uploads\/2024\/12\/brand-page-3-1.jpg\" alt=\"brand-page-3\" \/><\/figure><\/a><\/div><div class=\"swiper-slide\" role=\"group\" aria-roledescription=\"slide\" aria-label=\"4 de 4\" data-no-translation-aria-label=\"\"><a data-elementor-open-lightbox=\"yes\" data-elementor-lightbox-slideshow=\"8c337a2\" data-elementor-lightbox-title=\"brand-page-4\" data-e-action-hash=\"#elementor-action%3Aaction%3Dlightbox%26settings%3DeyJpZCI6MjM5NiwidXJsIjoiaHR0cHM6XC9cL2FyZWlhZ3JvdXAuY29tXC93cC1jb250ZW50XC91cGxvYWRzXC8yMDI0XC8xMlwvYnJhbmQtcGFnZS00LTEuanBnIiwic2xpZGVzaG93IjoiOGMzMzdhMiJ9\" href=\"https:\/\/areiagroup.com\/pt\/fortuna\/\"><figure class=\"swiper-slide-inner\"><img decoding=\"async\" class=\"swiper-slide-image\" src=\"https:\/\/areiagroup.com\/wp-content\/uploads\/2024\/12\/brand-page-4-1.jpg\" alt=\"brand-page-4\" \/><\/figure><\/a><\/div>\t\t\t<\/div>\n\t\t\t\t\t\t\t\t\t\t\t\t<div class=\"elementor-swiper-button elementor-swiper-button-prev\" role=\"button\" tabindex=\"0\">\n\t\t\t\t\t\t<svg aria-hidden=\"true\" class=\"e-font-icon-svg e-eicon-chevron-left\" viewbox=\"0 0 1000 1000\" xmlns=\"http:\/\/www.w3.org\/2000\/svg\"><path d=\"M646 125C629 125 613 133 604 142L308 442C296 454 292 471 292 487 292 504 296 521 308 533L604 854C617 867 629 875 646 875 663 875 679 871 692 858 704 846 713 829 713 812 713 796 708 779 692 767L438 487 692 225C700 217 708 204 708 187 708 171 704 154 692 142 675 129 663 125 646 125Z\"><\/path><\/svg>\t\t\t\t\t<\/div>\n\t\t\t\t\t<div class=\"elementor-swiper-button elementor-swiper-button-next\" role=\"button\" tabindex=\"0\">\n\t\t\t\t\t\t<svg aria-hidden=\"true\" class=\"e-font-icon-svg e-eicon-chevron-right\" viewbox=\"0 0 1000 1000\" xmlns=\"http:\/\/www.w3.org\/2000\/svg\"><path d=\"M696 533C708 521 713 504 713 487 713 471 708 454 696 446L400 146C388 133 375 125 354 125 338 125 325 129 313 142 300 154 292 171 292 187 292 204 296 221 308 233L563 492 304 771C292 783 288 800 288 817 288 833 296 850 308 863 321 871 338 875 354 875 371 875 388 867 400 854L696 533Z\"><\/path><\/svg>\t\t\t\t\t<\/div>\n\t\t\t\t\n\t\t\t\t\t\t\t\t\t<div class=\"swiper-pagination\"><\/div>\n\t\t\t\t\t\t\t\t\t<\/div>\n\t\t\t\t\t\t<\/div>\n\t\t\t\t<\/div>\n\t\t\t\t\t<\/div>\n\t\t<\/div>\n\t\t\t\t\t<\/div>\n\t\t<\/section>\n\t\t\t\t<\/div>","protected":false},"excerpt":{"rendered":"<p>Fortuna Fortuna embodies the spirit of good fortune through fashion collections that seamlessly blend timeless sophistication with contemporary flair. Each piece is designed to evoke a sense of elegance and a touch of luck, showcasing a unique fusion of luxury and modern aesthetics. Inspired by Peru\u2019s rich cultural heritage and the vision of founder Monica Galese de Osma, Fortuna\u2019s designs reflect the country&#8217;s diverse nature, art, history, and traditions.\u00a0 \u00a0 fortuna_world_fortuna Joor<\/p>","protected":false},"author":1,"featured_media":1169,"parent":0,"menu_order":2,"comment_status":"closed","ping_status":"closed","template":"","meta":{"footnotes":""},"class_list":["post-1325","page","type-page","status-publish","has-post-thumbnail","hentry"],"yoast_head":"<!-- This site is optimized with the Yoast SEO plugin v27.4 - https:\/\/yoast.com\/product\/yoast-seo-wordpress\/ -->\n<title>Fortuna - Areia Group | Fashion Consultancy &amp; Showroom<\/title>\n<meta name=\"robots\" content=\"index, follow, max-snippet:-1, max-image-preview:large, max-video-preview:-1\" \/>\n<link rel=\"canonical\" href=\"https:\/\/areiagroup.com\/pt\/fortuna\/\" \/>\n<meta property=\"og:locale\" content=\"pt_BR\" \/>\n<meta property=\"og:type\" content=\"article\" \/>\n<meta property=\"og:title\" content=\"Fortuna - Areia Group | Fashion Consultancy &amp; Showroom\" \/>\n<meta property=\"og:description\" content=\"Fortuna Fortuna embodies the spirit of good fortune through fashion collections that seamlessly blend timeless sophistication with contemporary flair. Each piece is designed to evoke a sense of elegance and a touch of luck, showcasing a unique fusion of luxury and modern aesthetics. Inspired by Peru\u2019s rich cultural heritage and the vision of founder Monica Galese de Osma, Fortuna\u2019s designs reflect the country&#8217;s diverse nature, art, history, and traditions.\u00a0 \u00a0 fortuna_world_fortuna Joor\" \/>\n<meta property=\"og:url\" content=\"https:\/\/areiagroup.com\/pt\/fortuna\/\" \/>\n<meta property=\"og:site_name\" content=\"Areia Group | Fashion Consultancy &amp; Showroom\" \/>\n<meta property=\"article:modified_time\" content=\"2025-04-14T10:04:23+00:00\" \/>\n<meta property=\"og:image\" content=\"https:\/\/areiagroup.com\/wp-content\/uploads\/2024\/11\/fortuna.jpg\" \/>\n\t<meta property=\"og:image:width\" content=\"492\" \/>\n\t<meta property=\"og:image:height\" content=\"625\" \/>\n\t<meta property=\"og:image:type\" content=\"image\/jpeg\" \/>\n<meta name=\"twitter:card\" content=\"summary_large_image\" \/>\n<meta name=\"twitter:label1\" content=\"Est. tempo de leitura\" \/>\n\t<meta name=\"twitter:data1\" content=\"2 minutos\" \/>\n<script type=\"application\/ld+json\" class=\"yoast-schema-graph\">{\"@context\":\"https:\\\/\\\/schema.org\",\"@graph\":[{\"@type\":\"WebPage\",\"@id\":\"https:\\\/\\\/areiagroup.com\\\/fortuna\\\/\",\"url\":\"https:\\\/\\\/areiagroup.com\\\/fortuna\\\/\",\"name\":\"Fortuna - Areia Group | Fashion Consultancy &amp; Showroom\",\"isPartOf\":{\"@id\":\"https:\\\/\\\/areiagroup.com\\\/#website\"},\"primaryImageOfPage\":{\"@id\":\"https:\\\/\\\/areiagroup.com\\\/fortuna\\\/#primaryimage\"},\"image\":{\"@id\":\"https:\\\/\\\/areiagroup.com\\\/fortuna\\\/#primaryimage\"},\"thumbnailUrl\":\"https:\\\/\\\/areiagroup.com\\\/wp-content\\\/uploads\\\/2024\\\/11\\\/fortuna.jpg\",\"datePublished\":\"2024-11-22T12:29:26+00:00\",\"dateModified\":\"2025-04-14T10:04:23+00:00\",\"breadcrumb\":{\"@id\":\"https:\\\/\\\/areiagroup.com\\\/fortuna\\\/#breadcrumb\"},\"inLanguage\":\"pt-BR\",\"potentialAction\":[{\"@type\":\"ReadAction\",\"target\":[\"https:\\\/\\\/areiagroup.com\\\/fortuna\\\/\"]}]},{\"@type\":\"ImageObject\",\"inLanguage\":\"pt-BR\",\"@id\":\"https:\\\/\\\/areiagroup.com\\\/fortuna\\\/#primaryimage\",\"url\":\"https:\\\/\\\/areiagroup.com\\\/wp-content\\\/uploads\\\/2024\\\/11\\\/fortuna.jpg\",\"contentUrl\":\"https:\\\/\\\/areiagroup.com\\\/wp-content\\\/uploads\\\/2024\\\/11\\\/fortuna.jpg\",\"width\":492,\"height\":625,\"caption\":\"TESTE\"},{\"@type\":\"BreadcrumbList\",\"@id\":\"https:\\\/\\\/areiagroup.com\\\/fortuna\\\/#breadcrumb\",\"itemListElement\":[{\"@type\":\"ListItem\",\"position\":1,\"name\":\"Home\",\"item\":\"https:\\\/\\\/areiagroup.com\\\/\"},{\"@type\":\"ListItem\",\"position\":2,\"name\":\"Fortuna\"}]},{\"@type\":\"WebSite\",\"@id\":\"https:\\\/\\\/areiagroup.com\\\/#website\",\"url\":\"https:\\\/\\\/areiagroup.com\\\/\",\"name\":\"Areia Group | Fashion Consultancy & Showroom\",\"description\":\"Areia connects fashion brands to national and international markets with strategic solutions and innovative showrooms \u2013 physical and digital.\",\"publisher\":{\"@id\":\"https:\\\/\\\/areiagroup.com\\\/#organization\"},\"potentialAction\":[{\"@type\":\"SearchAction\",\"target\":{\"@type\":\"EntryPoint\",\"urlTemplate\":\"https:\\\/\\\/areiagroup.com\\\/?s={search_term_string}\"},\"query-input\":{\"@type\":\"PropertyValueSpecification\",\"valueRequired\":true,\"valueName\":\"search_term_string\"}}],\"inLanguage\":\"pt-BR\"},{\"@type\":\"Organization\",\"@id\":\"https:\\\/\\\/areiagroup.com\\\/#organization\",\"name\":\"Areia Group\",\"url\":\"https:\\\/\\\/areiagroup.com\\\/\",\"logo\":{\"@type\":\"ImageObject\",\"inLanguage\":\"pt-BR\",\"@id\":\"https:\\\/\\\/areiagroup.com\\\/#\\\/schema\\\/logo\\\/image\\\/\",\"url\":\"https:\\\/\\\/areiagroup.com\\\/wp-content\\\/uploads\\\/2024\\\/12\\\/logo-site.png\",\"contentUrl\":\"https:\\\/\\\/areiagroup.com\\\/wp-content\\\/uploads\\\/2024\\\/12\\\/logo-site.png\",\"width\":400,\"height\":59,\"caption\":\"Areia Group\"},\"image\":{\"@id\":\"https:\\\/\\\/areiagroup.com\\\/#\\\/schema\\\/logo\\\/image\\\/\"},\"sameAs\":[\"https:\\\/\\\/www.instagram.com\\\/areiagroup\\\/\"]}]}<\/script>\n<!-- \/ Yoast SEO plugin. -->","yoast_head_json":{"title":"Fortuna - Areia Group | Fashion Consultancy &amp; Showroom","robots":{"index":"index","follow":"follow","max-snippet":"max-snippet:-1","max-image-preview":"max-image-preview:large","max-video-preview":"max-video-preview:-1"},"canonical":"https:\/\/areiagroup.com\/pt\/fortuna\/","og_locale":"pt_BR","og_type":"article","og_title":"Fortuna - Areia Group | Fashion Consultancy &amp; Showroom","og_description":"Fortuna Fortuna embodies the spirit of good fortune through fashion collections that seamlessly blend timeless sophistication with contemporary flair. Each piece is designed to evoke a sense of elegance and a touch of luck, showcasing a unique fusion of luxury and modern aesthetics. Inspired by Peru\u2019s rich cultural heritage and the vision of founder Monica Galese de Osma, Fortuna\u2019s designs reflect the country&#8217;s diverse nature, art, history, and traditions.\u00a0 \u00a0 fortuna_world_fortuna Joor","og_url":"https:\/\/areiagroup.com\/pt\/fortuna\/","og_site_name":"Areia Group | Fashion Consultancy &amp; Showroom","article_modified_time":"2025-04-14T10:04:23+00:00","og_image":[{"width":492,"height":625,"url":"https:\/\/areiagroup.com\/wp-content\/uploads\/2024\/11\/fortuna.jpg","type":"image\/jpeg"}],"twitter_card":"summary_large_image","twitter_misc":{"Est. tempo de leitura":"2 minutos"},"schema":{"@context":"https:\/\/schema.org","@graph":[{"@type":"WebPage","@id":"https:\/\/areiagroup.com\/fortuna\/","url":"https:\/\/areiagroup.com\/fortuna\/","name":"Fortuna - Areia Group | Fashion Consultancy &amp; Showroom","isPartOf":{"@id":"https:\/\/areiagroup.com\/#website"},"primaryImageOfPage":{"@id":"https:\/\/areiagroup.com\/fortuna\/#primaryimage"},"image":{"@id":"https:\/\/areiagroup.com\/fortuna\/#primaryimage"},"thumbnailUrl":"https:\/\/areiagroup.com\/wp-content\/uploads\/2024\/11\/fortuna.jpg","datePublished":"2024-11-22T12:29:26+00:00","dateModified":"2025-04-14T10:04:23+00:00","breadcrumb":{"@id":"https:\/\/areiagroup.com\/fortuna\/#breadcrumb"},"inLanguage":"pt-BR","potentialAction":[{"@type":"ReadAction","target":["https:\/\/areiagroup.com\/fortuna\/"]}]},{"@type":"ImageObject","inLanguage":"pt-BR","@id":"https:\/\/areiagroup.com\/fortuna\/#primaryimage","url":"https:\/\/areiagroup.com\/wp-content\/uploads\/2024\/11\/fortuna.jpg","contentUrl":"https:\/\/areiagroup.com\/wp-content\/uploads\/2024\/11\/fortuna.jpg","width":492,"height":625,"caption":"TESTE"},{"@type":"BreadcrumbList","@id":"https:\/\/areiagroup.com\/fortuna\/#breadcrumb","itemListElement":[{"@type":"ListItem","position":1,"name":"Home","item":"https:\/\/areiagroup.com\/"},{"@type":"ListItem","position":2,"name":"Fortuna"}]},{"@type":"WebSite","@id":"https:\/\/areiagroup.com\/#website","url":"https:\/\/areiagroup.com\/","name":"Areia Group | Consultoria de Moda &amp; Showroom","description":"A Areia conecta marcas ao mercados nacional e internacional com solu\u00e7\u00f5es estrat\u00e9gicas e showrooms inovadores \u2013 f\u00edsicos e digitais.","publisher":{"@id":"https:\/\/areiagroup.com\/#organization"},"potentialAction":[{"@type":"SearchAction","target":{"@type":"EntryPoint","urlTemplate":"https:\/\/areiagroup.com\/?s={search_term_string}"},"query-input":{"@type":"PropertyValueSpecification","valueRequired":true,"valueName":"search_term_string"}}],"inLanguage":"pt-BR"},{"@type":"Organization","@id":"https:\/\/areiagroup.com\/#organization","name":"Areia Group","url":"https:\/\/areiagroup.com\/","logo":{"@type":"ImageObject","inLanguage":"pt-BR","@id":"https:\/\/areiagroup.com\/#\/schema\/logo\/image\/","url":"https:\/\/areiagroup.com\/wp-content\/uploads\/2024\/12\/logo-site.png","contentUrl":"https:\/\/areiagroup.com\/wp-content\/uploads\/2024\/12\/logo-site.png","width":400,"height":59,"caption":"Areia Group"},"image":{"@id":"https:\/\/areiagroup.com\/#\/schema\/logo\/image\/"},"sameAs":["https:\/\/www.instagram.com\/areiagroup\/"]}]}},"_links":{"self":[{"href":"https:\/\/areiagroup.com\/pt\/wp-json\/wp\/v2\/pages\/1325","targetHints":{"allow":["GET"]}}],"collection":[{"href":"https:\/\/areiagroup.com\/pt\/wp-json\/wp\/v2\/pages"}],"about":[{"href":"https:\/\/areiagroup.com\/pt\/wp-json\/wp\/v2\/types\/page"}],"author":[{"embeddable":true,"href":"https:\/\/areiagroup.com\/pt\/wp-json\/wp\/v2\/users\/1"}],"replies":[{"embeddable":true,"href":"https:\/\/areiagroup.com\/pt\/wp-json\/wp\/v2\/comments?post=1325"}],"version-history":[{"count":22,"href":"https:\/\/areiagroup.com\/pt\/wp-json\/wp\/v2\/pages\/1325\/revisions"}],"predecessor-version":[{"id":3180,"href":"https:\/\/areiagroup.com\/pt\/wp-json\/wp\/v2\/pages\/1325\/revisions\/3180"}],"wp:featuredmedia":[{"embeddable":true,"href":"https:\/\/areiagroup.com\/pt\/wp-json\/wp\/v2\/media\/1169"}],"wp:attachment":[{"href":"https:\/\/areiagroup.com\/pt\/wp-json\/wp\/v2\/media?parent=1325"}],"curies":[{"name":"wp","href":"https:\/\/api.w.org\/{rel}","templated":true}]}}