{"id":1214,"date":"2024-11-13T07:38:07","date_gmt":"2024-11-13T10:38:07","guid":{"rendered":"https:\/\/areiagroup.com\/?page_id=1214"},"modified":"2025-02-18T11:25:45","modified_gmt":"2025-02-18T14:25:45","slug":"eunoyah","status":"publish","type":"page","link":"https:\/\/areiagroup.com\/pt\/eunoyah\/","title":{"rendered":"Eunoyah"},"content":{"rendered":"<div data-elementor-type=\"wp-page\" data-elementor-id=\"1214\" class=\"elementor elementor-1214\" data-elementor-post-type=\"page\">\n\t\t\t\t\t\t<section class=\"elementor-section elementor-top-section elementor-element elementor-element-11ddc0550 elementor-section-full_width elementor-section-stretched elementor-section-height-min-height elementor-section-height-default elementor-section-items-middle wpr-particle-no wpr-jarallax-no wpr-parallax-no wpr-sticky-section-no wpr-equal-height-no\" data-id=\"11ddc0550\" data-element_type=\"section\" data-e-type=\"section\" data-settings=\"{&quot;background_background&quot;:&quot;classic&quot;,&quot;stretch_section&quot;:&quot;section-stretched&quot;}\">\n\t\t\t\t\t\t\t<div class=\"elementor-background-overlay\"><\/div>\n\t\t\t\t\t\t\t<div class=\"elementor-container elementor-column-gap-default\">\n\t\t\t\t\t<div class=\"elementor-column elementor-col-100 elementor-top-column elementor-element elementor-element-5a8ca306\" data-id=\"5a8ca306\" data-element_type=\"column\" data-e-type=\"column\">\n\t\t\t<div class=\"elementor-widget-wrap elementor-element-populated\">\n\t\t\t\t\t\t<div class=\"elementor-element elementor-element-1eb9a6b3 elementor-widget elementor-widget-heading\" data-id=\"1eb9a6b3\" data-element_type=\"widget\" data-e-type=\"widget\" data-widget_type=\"heading.default\">\n\t\t\t\t<div class=\"elementor-widget-container\">\n\t\t\t\t\t<h1 class=\"elementor-heading-title elementor-size-default\">Eunoyah<\/h1>\t\t\t\t<\/div>\n\t\t\t\t<\/div>\n\t\t\t\t\t<\/div>\n\t\t<\/div>\n\t\t\t\t\t<\/div>\n\t\t<\/section>\n\t\t\t\t<section class=\"elementor-section elementor-top-section elementor-element elementor-element-4efc2037 elementor-section-boxed elementor-section-height-default elementor-section-height-default wpr-particle-no wpr-jarallax-no wpr-parallax-no wpr-sticky-section-no wpr-equal-height-no\" data-id=\"4efc2037\" data-element_type=\"section\" data-e-type=\"section\">\n\t\t\t\t\t\t<div class=\"elementor-container elementor-column-gap-default\">\n\t\t\t\t\t<div class=\"elementor-column elementor-col-50 elementor-top-column elementor-element elementor-element-52ba165\" data-id=\"52ba165\" data-element_type=\"column\" data-e-type=\"column\">\n\t\t\t<div class=\"elementor-widget-wrap elementor-element-populated\">\n\t\t\t\t\t\t<div class=\"elementor-element elementor-element-64658a80 elementor-invisible elementor-widget elementor-widget-text-editor\" data-id=\"64658a80\" data-element_type=\"widget\" data-e-type=\"widget\" data-settings=\"{&quot;_animation&quot;:&quot;slideInRight&quot;,&quot;_animation_delay&quot;:200}\" data-widget_type=\"text-editor.default\">\n\t\t\t\t<div class=\"elementor-widget-container\">\n\t\t\t\t\t\t\t\t\t<p>Eunoyah \u00e9 inspirada pela palavra grega \u03b5\u03c5\u03bd\u03bf\u03af\u03b1, simbolizando pensamento puro e uma mente equilibrada guiada pela colabora\u00e7\u00e3o. A marca acredita que a verdadeira beleza reflete a alma, transformando o mundo ao nosso redor. \n\nCada cole\u00e7\u00e3o convida \u00e0 introspec\u00e7\u00e3o suave, unindo simplicidade \u00e0 eleg\u00e2ncia e infundindo sinceridade em cada pe\u00e7a. Comprometida com a sustentabilidade, a Eunoyah utiliza ouro 18k reciclado, preservando recursos naturais e minimizando o impacto ambiental da minera\u00e7\u00e3o.<\/p><p>Incorporando tecnologia blockchain, a marca garante transpar\u00eancia na origem dos materiais, permitindo que os clientes acompanhem a jornada de suas joias e refor\u00e7ando a dedica\u00e7\u00e3o a pr\u00e1ticas \u00e9ticas.<\/p>\t\t\t\t\t\t\t\t<\/div>\n\t\t\t\t<\/div>\n\t\t\t\t<div class=\"elementor-element elementor-element-2320c522 elementor-widget-divider--view-line elementor-widget elementor-widget-divider\" data-id=\"2320c522\" data-element_type=\"widget\" data-e-type=\"widget\" data-widget_type=\"divider.default\">\n\t\t\t\t<div class=\"elementor-widget-container\">\n\t\t\t\t\t\t\t<div class=\"elementor-divider\">\n\t\t\t<span class=\"elementor-divider-separator\">\n\t\t\t\t\t\t<\/span>\n\t\t<\/div>\n\t\t\t\t\t\t<\/div>\n\t\t\t\t<\/div>\n\t\t\t\t<div class=\"elementor-element elementor-element-0de1291 elementor-mobile-align-center elementor-icon-list--layout-traditional elementor-list-item-link-full_width elementor-widget elementor-widget-icon-list\" data-id=\"0de1291\" data-element_type=\"widget\" data-e-type=\"widget\" data-widget_type=\"icon-list.default\">\n\t\t\t\t<div class=\"elementor-widget-container\">\n\t\t\t\t\t\t\t<ul class=\"elementor-icon-list-items\">\n\t\t\t\t\t\t\t<li class=\"elementor-icon-list-item\">\n\t\t\t\t\t\t\t\t\t\t\t<a href=\"https:\/\/instagram.com\/eunoyahjewelry\">\n\n\t\t\t\t\t\t\t\t\t\t\t\t<span class=\"elementor-icon-list-icon\">\n\t\t\t\t\t\t\t<svg aria-hidden=\"true\" class=\"e-font-icon-svg e-fab-instagram\" viewbox=\"0 0 448 512\" xmlns=\"http:\/\/www.w3.org\/2000\/svg\"><path d=\"M224.1 141c-63.6 0-114.9 51.3-114.9 114.9s51.3 114.9 114.9 114.9S339 319.5 339 255.9 287.7 141 224.1 141zm0 189.6c-41.1 0-74.7-33.5-74.7-74.7s33.5-74.7 74.7-74.7 74.7 33.5 74.7 74.7-33.6 74.7-74.7 74.7zm146.4-194.3c0 14.9-12 26.8-26.8 26.8-14.9 0-26.8-12-26.8-26.8s12-26.8 26.8-26.8 26.8 12 26.8 26.8zm76.1 27.2c-1.7-35.9-9.9-67.7-36.2-93.9-26.2-26.2-58-34.4-93.9-36.2-37-2.1-147.9-2.1-184.9 0-35.8 1.7-67.6 9.9-93.9 36.1s-34.4 58-36.2 93.9c-2.1 37-2.1 147.9 0 184.9 1.7 35.9 9.9 67.7 36.2 93.9s58 34.4 93.9 36.2c37 2.1 147.9 2.1 184.9 0 35.9-1.7 67.7-9.9 93.9-36.2 26.2-26.2 34.4-58 36.2-93.9 2.1-37 2.1-147.8 0-184.8zM398.8 388c-7.8 19.6-22.9 34.7-42.6 42.6-29.5 11.7-99.5 9-132.1 9s-102.7 2.6-132.1-9c-19.6-7.8-34.7-22.9-42.6-42.6-11.7-29.5-9-99.5-9-132.1s-2.6-102.7 9-132.1c7.8-19.6 22.9-34.7 42.6-42.6 29.5-11.7 99.5-9 132.1-9s102.7-2.6 132.1 9c19.6 7.8 34.7 22.9 42.6 42.6 11.7 29.5 9 99.5 9 132.1s2.7 102.7-9 132.1z\"><\/path><\/svg>\t\t\t\t\t\t<\/span>\n\t\t\t\t\t\t\t\t\t\t<span class=\"elementor-icon-list-text\">eunoyahjewelry<\/span>\n\t\t\t\t\t\t\t\t\t\t\t<\/a>\n\t\t\t\t\t\t\t\t\t<\/li>\n\t\t\t\t\t\t<\/ul>\n\t\t\t\t\t\t<\/div>\n\t\t\t\t<\/div>\n\t\t\t\t\t<\/div>\n\t\t<\/div>\n\t\t\t\t<div class=\"elementor-column elementor-col-50 elementor-top-column elementor-element elementor-element-7621efc7\" data-id=\"7621efc7\" data-element_type=\"column\" data-e-type=\"column\">\n\t\t\t<div class=\"elementor-widget-wrap elementor-element-populated\">\n\t\t\t\t\t\t<div class=\"elementor-element elementor-element-800b652 elementor-arrows-position-inside elementor-pagination-position-outside elementor-widget elementor-widget-image-carousel\" data-id=\"800b652\" data-element_type=\"widget\" data-e-type=\"widget\" data-settings=\"{&quot;slides_to_show&quot;:&quot;1&quot;,&quot;navigation&quot;:&quot;both&quot;,&quot;infinite&quot;:&quot;yes&quot;,&quot;effect&quot;:&quot;slide&quot;,&quot;speed&quot;:500}\" data-widget_type=\"image-carousel.default\">\n\t\t\t\t<div class=\"elementor-widget-container\">\n\t\t\t\t\t\t\t<div class=\"elementor-image-carousel-wrapper swiper\" role=\"region\" aria-roledescription=\"carousel\" aria-label=\"Image Carousel\" dir=\"ltr\">\n\t\t\t<div class=\"elementor-image-carousel swiper-wrapper\" aria-live=\"polite\">\n\t\t\t\t\t\t\t\t<div class=\"swiper-slide\" role=\"group\" aria-roledescription=\"slide\" aria-label=\"1 of 4\"><a data-elementor-open-lightbox=\"yes\" data-elementor-lightbox-slideshow=\"800b652\" data-elementor-lightbox-title=\"1-brand-page\" data-e-action-hash=\"#elementor-action%3Aaction%3Dlightbox%26settings%3DeyJpZCI6MjQxOCwidXJsIjoiaHR0cHM6XC9cL2FyZWlhZ3JvdXAuY29tXC93cC1jb250ZW50XC91cGxvYWRzXC8yMDI0XC8xMlwvMS1icmFuZC1wYWdlLTMuanBnIiwic2xpZGVzaG93IjoiODAwYjY1MiJ9\" href=\"https:\/\/areiagroup.com\/pt\/eunoyah\/\"><figure class=\"swiper-slide-inner\"><img decoding=\"async\" class=\"swiper-slide-image\" src=\"https:\/\/areiagroup.com\/wp-content\/uploads\/2024\/12\/1-brand-page-3.jpg\" alt=\"1-brand-page\" \/><\/figure><\/a><\/div><div class=\"swiper-slide\" role=\"group\" aria-roledescription=\"slide\" aria-label=\"2 of 4\"><a data-elementor-open-lightbox=\"yes\" data-elementor-lightbox-slideshow=\"800b652\" data-elementor-lightbox-title=\"2-brand-page\" data-e-action-hash=\"#elementor-action%3Aaction%3Dlightbox%26settings%3DeyJpZCI6MjQxOSwidXJsIjoiaHR0cHM6XC9cL2FyZWlhZ3JvdXAuY29tXC93cC1jb250ZW50XC91cGxvYWRzXC8yMDI0XC8xMlwvMi1icmFuZC1wYWdlLTIuanBnIiwic2xpZGVzaG93IjoiODAwYjY1MiJ9\" href=\"https:\/\/areiagroup.com\/pt\/eunoyah\/\"><figure class=\"swiper-slide-inner\"><img decoding=\"async\" class=\"swiper-slide-image\" src=\"https:\/\/areiagroup.com\/wp-content\/uploads\/2024\/12\/2-brand-page-2.jpg\" alt=\"2-brand-page\" \/><\/figure><\/a><\/div><div class=\"swiper-slide\" role=\"group\" aria-roledescription=\"slide\" aria-label=\"3 of 4\"><a data-elementor-open-lightbox=\"yes\" data-elementor-lightbox-slideshow=\"800b652\" data-elementor-lightbox-title=\"3-brand-page\" data-e-action-hash=\"#elementor-action%3Aaction%3Dlightbox%26settings%3DeyJpZCI6MjQyMCwidXJsIjoiaHR0cHM6XC9cL2FyZWlhZ3JvdXAuY29tXC93cC1jb250ZW50XC91cGxvYWRzXC8yMDI0XC8xMlwvMy1icmFuZC1wYWdlLTIuanBnIiwic2xpZGVzaG93IjoiODAwYjY1MiJ9\" href=\"https:\/\/areiagroup.com\/pt\/eunoyah\/\"><figure class=\"swiper-slide-inner\"><img decoding=\"async\" class=\"swiper-slide-image\" src=\"https:\/\/areiagroup.com\/wp-content\/uploads\/2024\/12\/3-brand-page-2.jpg\" alt=\"3-brand-page\" \/><\/figure><\/a><\/div><div class=\"swiper-slide\" role=\"group\" aria-roledescription=\"slide\" aria-label=\"4 of 4\"><a data-elementor-open-lightbox=\"yes\" data-elementor-lightbox-slideshow=\"800b652\" data-elementor-lightbox-title=\"4-brand-page\" data-e-action-hash=\"#elementor-action%3Aaction%3Dlightbox%26settings%3DeyJpZCI6MjQyMSwidXJsIjoiaHR0cHM6XC9cL2FyZWlhZ3JvdXAuY29tXC93cC1jb250ZW50XC91cGxvYWRzXC8yMDI0XC8xMlwvNC1icmFuZC1wYWdlLTIuanBnIiwic2xpZGVzaG93IjoiODAwYjY1MiJ9\" href=\"https:\/\/areiagroup.com\/pt\/eunoyah\/\"><figure class=\"swiper-slide-inner\"><img decoding=\"async\" class=\"swiper-slide-image\" src=\"https:\/\/areiagroup.com\/wp-content\/uploads\/2024\/12\/4-brand-page-2.jpg\" alt=\"4-brand-page\" \/><\/figure><\/a><\/div>\t\t\t<\/div>\n\t\t\t\t\t\t\t\t\t\t\t\t<div class=\"elementor-swiper-button elementor-swiper-button-prev\" role=\"button\" tabindex=\"0\">\n\t\t\t\t\t\t<svg aria-hidden=\"true\" class=\"e-font-icon-svg e-eicon-chevron-left\" viewbox=\"0 0 1000 1000\" xmlns=\"http:\/\/www.w3.org\/2000\/svg\"><path d=\"M646 125C629 125 613 133 604 142L308 442C296 454 292 471 292 487 292 504 296 521 308 533L604 854C617 867 629 875 646 875 663 875 679 871 692 858 704 846 713 829 713 812 713 796 708 779 692 767L438 487 692 225C700 217 708 204 708 187 708 171 704 154 692 142 675 129 663 125 646 125Z\"><\/path><\/svg>\t\t\t\t\t<\/div>\n\t\t\t\t\t<div class=\"elementor-swiper-button elementor-swiper-button-next\" role=\"button\" tabindex=\"0\">\n\t\t\t\t\t\t<svg aria-hidden=\"true\" class=\"e-font-icon-svg e-eicon-chevron-right\" viewbox=\"0 0 1000 1000\" xmlns=\"http:\/\/www.w3.org\/2000\/svg\"><path d=\"M696 533C708 521 713 504 713 487 713 471 708 454 696 446L400 146C388 133 375 125 354 125 338 125 325 129 313 142 300 154 292 171 292 187 292 204 296 221 308 233L563 492 304 771C292 783 288 800 288 817 288 833 296 850 308 863 321 871 338 875 354 875 371 875 388 867 400 854L696 533Z\"><\/path><\/svg>\t\t\t\t\t<\/div>\n\t\t\t\t\n\t\t\t\t\t\t\t\t\t<div class=\"swiper-pagination\"><\/div>\n\t\t\t\t\t\t\t\t\t<\/div>\n\t\t\t\t\t\t<\/div>\n\t\t\t\t<\/div>\n\t\t\t\t\t<\/div>\n\t\t<\/div>\n\t\t\t\t\t<\/div>\n\t\t<\/section>\n\t\t\t\t<\/div>","protected":false},"excerpt":{"rendered":"<p>Eunoyah Eunoyah is inspired by the Greek word \u03b5\u03c5\u03bd\u03bf\u03af\u03b1, symbolizing pure thought and a balanced mind driven by collaboration. The brand believes that true beauty reflects the soul, transforming the world around us. Each collection invites a gentle introspection, merging simplicity with elegance, and infusing sincerity into every piece. Committed to sustainability, Eunoyah utilizes recycled 18k gold, preserving natural resources while minimizing the environmental impact of mining. By incorporating blockchain technology, Eunoyah ensures transparency and accountability in sourcing materials, allowing customers to trace the journey of their jewelry and reinforcing a dedication to ethical practices. eunoyahjewelry<\/p>","protected":false},"author":1,"featured_media":1168,"parent":0,"menu_order":6,"comment_status":"closed","ping_status":"closed","template":"","meta":{"footnotes":""},"class_list":["post-1214","page","type-page","status-publish","has-post-thumbnail","hentry"],"yoast_head":"<!-- This site is optimized with the Yoast SEO plugin v27.5 - https:\/\/yoast.com\/product\/yoast-seo-wordpress\/ -->\n<title>Eunoyah - Areia Group | Fashion Consultancy &amp; Showroom<\/title>\n<meta name=\"robots\" content=\"index, follow, max-snippet:-1, max-image-preview:large, max-video-preview:-1\" \/>\n<link rel=\"canonical\" href=\"https:\/\/areiagroup.com\/pt\/eunoyah\/\" \/>\n<meta property=\"og:locale\" content=\"pt_BR\" \/>\n<meta property=\"og:type\" content=\"article\" \/>\n<meta property=\"og:title\" content=\"Eunoyah - Areia Group | Fashion Consultancy &amp; Showroom\" \/>\n<meta property=\"og:description\" content=\"Eunoyah Eunoyah is inspired by the Greek word \u03b5\u03c5\u03bd\u03bf\u03af\u03b1, symbolizing pure thought and a balanced mind driven by collaboration. The brand believes that true beauty reflects the soul, transforming the world around us. Each collection invites a gentle introspection, merging simplicity with elegance, and infusing sincerity into every piece. Committed to sustainability, Eunoyah utilizes recycled 18k gold, preserving natural resources while minimizing the environmental impact of mining. By incorporating blockchain technology, Eunoyah ensures transparency and accountability in sourcing materials, allowing customers to trace the journey of their jewelry and reinforcing a dedication to ethical practices. eunoyahjewelry\" \/>\n<meta property=\"og:url\" content=\"https:\/\/areiagroup.com\/pt\/eunoyah\/\" \/>\n<meta property=\"og:site_name\" content=\"Areia Group | Fashion Consultancy &amp; Showroom\" \/>\n<meta property=\"article:modified_time\" content=\"2025-02-18T14:25:45+00:00\" \/>\n<meta property=\"og:image\" content=\"https:\/\/areiagroup.com\/wp-content\/uploads\/2024\/11\/Eunoyah.jpg\" \/>\n\t<meta property=\"og:image:width\" content=\"492\" \/>\n\t<meta property=\"og:image:height\" content=\"625\" \/>\n\t<meta property=\"og:image:type\" content=\"image\/jpeg\" \/>\n<meta name=\"twitter:card\" content=\"summary_large_image\" \/>\n<script type=\"application\/ld+json\" class=\"yoast-schema-graph\">{\"@context\":\"https:\\\/\\\/schema.org\",\"@graph\":[{\"@type\":\"WebPage\",\"@id\":\"https:\\\/\\\/areiagroup.com\\\/eunoyah\\\/\",\"url\":\"https:\\\/\\\/areiagroup.com\\\/eunoyah\\\/\",\"name\":\"Eunoyah - Areia Group | Fashion Consultancy &amp; Showroom\",\"isPartOf\":{\"@id\":\"https:\\\/\\\/areiagroup.com\\\/#website\"},\"primaryImageOfPage\":{\"@id\":\"https:\\\/\\\/areiagroup.com\\\/eunoyah\\\/#primaryimage\"},\"image\":{\"@id\":\"https:\\\/\\\/areiagroup.com\\\/eunoyah\\\/#primaryimage\"},\"thumbnailUrl\":\"https:\\\/\\\/areiagroup.com\\\/wp-content\\\/uploads\\\/2024\\\/11\\\/Eunoyah.jpg\",\"datePublished\":\"2024-11-13T10:38:07+00:00\",\"dateModified\":\"2025-02-18T14:25:45+00:00\",\"breadcrumb\":{\"@id\":\"https:\\\/\\\/areiagroup.com\\\/eunoyah\\\/#breadcrumb\"},\"inLanguage\":\"pt-BR\",\"potentialAction\":[{\"@type\":\"ReadAction\",\"target\":[\"https:\\\/\\\/areiagroup.com\\\/eunoyah\\\/\"]}]},{\"@type\":\"ImageObject\",\"inLanguage\":\"pt-BR\",\"@id\":\"https:\\\/\\\/areiagroup.com\\\/eunoyah\\\/#primaryimage\",\"url\":\"https:\\\/\\\/areiagroup.com\\\/wp-content\\\/uploads\\\/2024\\\/11\\\/Eunoyah.jpg\",\"contentUrl\":\"https:\\\/\\\/areiagroup.com\\\/wp-content\\\/uploads\\\/2024\\\/11\\\/Eunoyah.jpg\",\"width\":492,\"height\":625},{\"@type\":\"BreadcrumbList\",\"@id\":\"https:\\\/\\\/areiagroup.com\\\/eunoyah\\\/#breadcrumb\",\"itemListElement\":[{\"@type\":\"ListItem\",\"position\":1,\"name\":\"Home\",\"item\":\"https:\\\/\\\/areiagroup.com\\\/\"},{\"@type\":\"ListItem\",\"position\":2,\"name\":\"Eunoyah\"}]},{\"@type\":\"WebSite\",\"@id\":\"https:\\\/\\\/areiagroup.com\\\/#website\",\"url\":\"https:\\\/\\\/areiagroup.com\\\/\",\"name\":\"Areia Group | Fashion Consultancy & Showroom\",\"description\":\"Areia connects fashion brands to national and international markets with strategic solutions and innovative showrooms \u2013 physical and digital.\",\"publisher\":{\"@id\":\"https:\\\/\\\/areiagroup.com\\\/#organization\"},\"potentialAction\":[{\"@type\":\"SearchAction\",\"target\":{\"@type\":\"EntryPoint\",\"urlTemplate\":\"https:\\\/\\\/areiagroup.com\\\/?s={search_term_string}\"},\"query-input\":{\"@type\":\"PropertyValueSpecification\",\"valueRequired\":true,\"valueName\":\"search_term_string\"}}],\"inLanguage\":\"pt-BR\"},{\"@type\":\"Organization\",\"@id\":\"https:\\\/\\\/areiagroup.com\\\/#organization\",\"name\":\"Areia Group\",\"url\":\"https:\\\/\\\/areiagroup.com\\\/\",\"logo\":{\"@type\":\"ImageObject\",\"inLanguage\":\"pt-BR\",\"@id\":\"https:\\\/\\\/areiagroup.com\\\/#\\\/schema\\\/logo\\\/image\\\/\",\"url\":\"https:\\\/\\\/areiagroup.com\\\/wp-content\\\/uploads\\\/2024\\\/12\\\/logo-site.png\",\"contentUrl\":\"https:\\\/\\\/areiagroup.com\\\/wp-content\\\/uploads\\\/2024\\\/12\\\/logo-site.png\",\"width\":400,\"height\":59,\"caption\":\"Areia Group\"},\"image\":{\"@id\":\"https:\\\/\\\/areiagroup.com\\\/#\\\/schema\\\/logo\\\/image\\\/\"},\"sameAs\":[\"https:\\\/\\\/www.instagram.com\\\/areiagroup\\\/\"]}]}<\/script>\n<!-- \/ Yoast SEO plugin. -->","yoast_head_json":{"title":"Eunoyah - Areia Group | Fashion Consultancy &amp; Showroom","robots":{"index":"index","follow":"follow","max-snippet":"max-snippet:-1","max-image-preview":"max-image-preview:large","max-video-preview":"max-video-preview:-1"},"canonical":"https:\/\/areiagroup.com\/pt\/eunoyah\/","og_locale":"pt_BR","og_type":"article","og_title":"Eunoyah - Areia Group | Fashion Consultancy &amp; Showroom","og_description":"Eunoyah Eunoyah is inspired by the Greek word \u03b5\u03c5\u03bd\u03bf\u03af\u03b1, symbolizing pure thought and a balanced mind driven by collaboration. The brand believes that true beauty reflects the soul, transforming the world around us. Each collection invites a gentle introspection, merging simplicity with elegance, and infusing sincerity into every piece. Committed to sustainability, Eunoyah utilizes recycled 18k gold, preserving natural resources while minimizing the environmental impact of mining. By incorporating blockchain technology, Eunoyah ensures transparency and accountability in sourcing materials, allowing customers to trace the journey of their jewelry and reinforcing a dedication to ethical practices. eunoyahjewelry","og_url":"https:\/\/areiagroup.com\/pt\/eunoyah\/","og_site_name":"Areia Group | Fashion Consultancy &amp; Showroom","article_modified_time":"2025-02-18T14:25:45+00:00","og_image":[{"width":492,"height":625,"url":"https:\/\/areiagroup.com\/wp-content\/uploads\/2024\/11\/Eunoyah.jpg","type":"image\/jpeg"}],"twitter_card":"summary_large_image","schema":{"@context":"https:\/\/schema.org","@graph":[{"@type":"WebPage","@id":"https:\/\/areiagroup.com\/eunoyah\/","url":"https:\/\/areiagroup.com\/eunoyah\/","name":"Eunoyah - Areia Group | Fashion Consultancy &amp; Showroom","isPartOf":{"@id":"https:\/\/areiagroup.com\/#website"},"primaryImageOfPage":{"@id":"https:\/\/areiagroup.com\/eunoyah\/#primaryimage"},"image":{"@id":"https:\/\/areiagroup.com\/eunoyah\/#primaryimage"},"thumbnailUrl":"https:\/\/areiagroup.com\/wp-content\/uploads\/2024\/11\/Eunoyah.jpg","datePublished":"2024-11-13T10:38:07+00:00","dateModified":"2025-02-18T14:25:45+00:00","breadcrumb":{"@id":"https:\/\/areiagroup.com\/eunoyah\/#breadcrumb"},"inLanguage":"pt-BR","potentialAction":[{"@type":"ReadAction","target":["https:\/\/areiagroup.com\/eunoyah\/"]}]},{"@type":"ImageObject","inLanguage":"pt-BR","@id":"https:\/\/areiagroup.com\/eunoyah\/#primaryimage","url":"https:\/\/areiagroup.com\/wp-content\/uploads\/2024\/11\/Eunoyah.jpg","contentUrl":"https:\/\/areiagroup.com\/wp-content\/uploads\/2024\/11\/Eunoyah.jpg","width":492,"height":625},{"@type":"BreadcrumbList","@id":"https:\/\/areiagroup.com\/eunoyah\/#breadcrumb","itemListElement":[{"@type":"ListItem","position":1,"name":"Home","item":"https:\/\/areiagroup.com\/"},{"@type":"ListItem","position":2,"name":"Eunoyah"}]},{"@type":"WebSite","@id":"https:\/\/areiagroup.com\/#website","url":"https:\/\/areiagroup.com\/","name":"Areia Group | Consultoria de Moda &amp; Showroom","description":"A Areia conecta marcas ao mercados nacional e internacional com solu\u00e7\u00f5es estrat\u00e9gicas e showrooms inovadores \u2013 f\u00edsicos e digitais.","publisher":{"@id":"https:\/\/areiagroup.com\/#organization"},"potentialAction":[{"@type":"SearchAction","target":{"@type":"EntryPoint","urlTemplate":"https:\/\/areiagroup.com\/?s={search_term_string}"},"query-input":{"@type":"PropertyValueSpecification","valueRequired":true,"valueName":"search_term_string"}}],"inLanguage":"pt-BR"},{"@type":"Organization","@id":"https:\/\/areiagroup.com\/#organization","name":"Areia Group","url":"https:\/\/areiagroup.com\/","logo":{"@type":"ImageObject","inLanguage":"pt-BR","@id":"https:\/\/areiagroup.com\/#\/schema\/logo\/image\/","url":"https:\/\/areiagroup.com\/wp-content\/uploads\/2024\/12\/logo-site.png","contentUrl":"https:\/\/areiagroup.com\/wp-content\/uploads\/2024\/12\/logo-site.png","width":400,"height":59,"caption":"Areia Group"},"image":{"@id":"https:\/\/areiagroup.com\/#\/schema\/logo\/image\/"},"sameAs":["https:\/\/www.instagram.com\/areiagroup\/"]}]}},"_links":{"self":[{"href":"https:\/\/areiagroup.com\/pt\/wp-json\/wp\/v2\/pages\/1214","targetHints":{"allow":["GET"]}}],"collection":[{"href":"https:\/\/areiagroup.com\/pt\/wp-json\/wp\/v2\/pages"}],"about":[{"href":"https:\/\/areiagroup.com\/pt\/wp-json\/wp\/v2\/types\/page"}],"author":[{"embeddable":true,"href":"https:\/\/areiagroup.com\/pt\/wp-json\/wp\/v2\/users\/1"}],"replies":[{"embeddable":true,"href":"https:\/\/areiagroup.com\/pt\/wp-json\/wp\/v2\/comments?post=1214"}],"version-history":[{"count":19,"href":"https:\/\/areiagroup.com\/pt\/wp-json\/wp\/v2\/pages\/1214\/revisions"}],"predecessor-version":[{"id":3085,"href":"https:\/\/areiagroup.com\/pt\/wp-json\/wp\/v2\/pages\/1214\/revisions\/3085"}],"wp:featuredmedia":[{"embeddable":true,"href":"https:\/\/areiagroup.com\/pt\/wp-json\/wp\/v2\/media\/1168"}],"wp:attachment":[{"href":"https:\/\/areiagroup.com\/pt\/wp-json\/wp\/v2\/media?parent=1214"}],"curies":[{"name":"wp","href":"https:\/\/api.w.org\/{rel}","templated":true}]}}